{"id":2163,"date":"2023-02-09T02:40:23","date_gmt":"2023-02-09T02:40:23","guid":{"rendered":"https:\/\/tedme.com\/?page_id=2163"},"modified":"2026-03-11T17:45:59","modified_gmt":"2026-03-11T17:45:59","slug":"accessibility","status":"publish","type":"page","link":"https:\/\/tedme.com\/en\/accessibility\/","title":{"rendered":""},"content":{"rendered":"<div class=\"vce-row-container\">\r\n<div id=\"el-90fa666d\" class=\"vce-row vce-element--has-background vce-row--col-gap-30 picture-header vce-row-no-paddings vce-row-equal-height vce-row-content--top\" data-vce-full-width=\"true\" data-vce-stretch-content=\"true\" data-vce-do-apply=\"all el-90fa666d\">\r\n<div class=\"vce-content-background-container\"><\/div>\r\n<div class=\"vce-row-content\" data-vce-element-content=\"true\">\r\n\r\n\r\n<div id=\"el-b985eebf\" class=\"vce-col vce-col--md-auto vce-col--xs-1 vce-col--xs-last vce-col--xs-first vce-col--sm-last vce-col--sm-first vce-col--md-last vce-col--lg-last vce-col--xl-last vce-col--md-first vce-col--lg-first vce-col--xl-first d-flex align-items-center header-column\">\r\n<div class=\"vce-col-inner\" data-vce-do-apply=\"border margin background el-b985eebf\">\r\n<div class=\"vce-content-background-container\"><\/div>\r\n<div class=\"vce-col-content\" data-vce-element-content=\"true\" data-vce-do-apply=\"padding el-b985eebf\">\r\n\r\n\r\n<div class=\"vce-raw-html\">\r\n<div id=\"el-8e63ebee\" class=\"vce-raw-html-wrapper\" data-vce-do-apply=\"all el-8e63ebee\">\r\n<div class=\"d-flex align-items-center justify-content-center\" style=\"width: 100%; text-align: center; flex-wrap: wrap;\">\r\n<h1 style=\"color: #fff;\">Accessibility<\/h1>\r\n<img decoding=\"async\" style=\"margin-left: 25px; width: 200px; height: 250x;\" src=\"\/wp-content\/uploads\/2023\/02\/Barrierefrei_icon.png\" alt=\"cloud and server icon\" \/>\r\n\r\n<\/div>\r\n<\/div>\r\n<\/div>\r\n\r\n\r\n<\/div>\r\n<\/div>\r\n<\/div>\r\n\r\n\r\n<\/div>\r\n<\/div>\r\n<\/div>\r\n\r\n<div class=\"vce-row-container\">\r\n<div id=\"el-aab52d41\" class=\"vce-row vce-row--col-gap-30 content-section vce-row-equal-height vce-row-content--top\" data-vce-full-width=\"true\" data-vce-stretch-content=\"true\" data-vce-do-apply=\"all el-aab52d41\">\r\n<div class=\"vce-content-background-container\"><\/div>\r\n<div class=\"vce-row-content\" data-vce-element-content=\"true\">\r\n\r\n\r\n<div id=\"el-dea54aef\" class=\"vce-col vce-col--md-100p vce-col--xs-1 vce-col--xs-last vce-col--xs-first vce-col--sm-last vce-col--sm-first vce-col--md-last vce-col--lg-last vce-col--xl-last vce-col--md-first vce-col--lg-first vce-col--xl-first\">\r\n<div class=\"vce-col-inner\" data-vce-do-apply=\"border margin background el-dea54aef\">\r\n<div class=\"vce-col-content\" data-vce-element-content=\"true\" data-vce-do-apply=\"padding el-dea54aef\">\r\n\r\n\r\n<div class=\"vce-text-block\">\r\n<div id=\"el-ede9aa7e\" class=\"vce-text-block-wrapper vce\" data-vce-do-apply=\"all el-ede9aa7e\">\r\n<h2 style=\"text-align: center;\">Accessibility - integrate people with visual and reading impairments<\/h2>\r\n<span style=\"color: #ed1651;\">TEDME<\/span> makes a high-contrast colour selection possible. This allows your participants to choose from different background and font colour combinations to create the optimum contrast for them. This colour combination can be saved so that it is available the next time <span style=\"color: #ed1651;\">TEDME<\/span>-use available again.\r\n\r\n<\/div>\r\n<\/div>\r\n\r\n<div class=\"vce-row-container\" data-vce-boxed-width=\"true\">\r\n<div id=\"el-4a036409\" class=\"vce-row vce-row--col-gap-30 content-section-columns vce-row-equal-height vce-row-content--top\" data-vce-do-apply=\"all el-4a036409\">\r\n<div class=\"vce-row-content\" data-vce-element-content=\"true\">\r\n\r\n\r\n<div id=\"el-2e2d9f1c\" class=\"vce-col vce-col--md-auto vce-col--xs-1 vce-col--xs-last vce-col--xs-first vce-col--sm-last vce-col--sm-first vce-col--md-first vce-col--lg-first vce-col--xl-first\">\r\n<div class=\"vce-col-inner\" data-vce-do-apply=\"border margin background el-2e2d9f1c\">\r\n<div class=\"vce-col-content\" data-vce-element-content=\"true\" data-vce-do-apply=\"padding el-2e2d9f1c\">\r\n\r\n\r\n<div class=\"vce-text-block\">\r\n<div id=\"el-f7b2279f\" class=\"vce-text-block-wrapper vce\" data-vce-do-apply=\"all el-f7b2279f\">\r\n\r\nUnlike the normal browser zoom, an accessible interaction and voting tool should display the surveys, quizzes and votes in the same design, but with a larger font. This is exactly what is possible with <span style=\"color: #ed1651;\">TEDME<\/span> and the integrated zoom recognises which content should be enlarged and by how much. This means that the original layout of your website and our tool is retained and the content is still easier for your participants to read.\r\n\r\n<\/div>\r\n<\/div>\r\n\r\n\r\n<\/div>\r\n<\/div>\r\n<\/div>\r\n\r\n<div id=\"el-caded193\" class=\"vce-col vce-col--md-auto vce-col--xs-1 vce-col--xs-last vce-col--xs-first vce-col--sm-last vce-col--sm-first vce-col--md-last vce-col--lg-last vce-col--xl-last\">\r\n<div class=\"vce-col-inner\" data-vce-do-apply=\"border margin background el-caded193\">\r\n<div class=\"vce-col-content\" data-vce-element-content=\"true\" data-vce-do-apply=\"padding el-caded193\">\r\n\r\n\r\n<div class=\"vce-single-image-container medium-image vce-single-image--align-center\">\r\n<div id=\"el-10195861\" class=\"vce vce-single-image-wrapper\" data-vce-do-apply=\"all el-10195861\">\r\n<figure>\r\n<div class=\"vce-single-image-figure-inner\" style=\"width: 1834px;\">\r\n<div class=\"vce-single-image-inner vce-single-image--absolute\" style=\"width: 100%; padding-bottom: 56.5431%;\"><img decoding=\"async\" class=\"vce-single-image\" title=\"tedme-barrier-free\" src=\"https:\/\/tedme.com\/wp-content\/uploads\/2024\/07\/tedme-barrierefrei.png\" alt=\"\" data-img-src=\"https:\/\/tedme.com\/wp-content\/uploads\/2024\/07\/tedme-barrierefrei.png\" data-attachment-id=\"3403\" \/><\/div>\r\n<\/div>\r\n<figcaption hidden=\"\"><\/figcaption><\/figure>\r\n<\/div>\r\n<\/div>\r\n\r\n\r\n<\/div>\r\n<\/div>\r\n<\/div>\r\n\r\n\r\n<\/div>\r\n<\/div>\r\n<\/div>\r\n\r\n\r\n<\/div>\r\n<\/div>\r\n<\/div>\r\n\r\n\r\n<\/div>\r\n<\/div>\r\n<\/div>\r\n\r\n<div class=\"vce-row-container\">\r\n<div id=\"el-acbd054a\" class=\"vce-row vce-row--col-gap-30 content-section gradient-background-2 vce-row-equal-height vce-row-content--top\" data-vce-full-width=\"true\" data-vce-stretch-content=\"true\" data-vce-do-apply=\"all el-acbd054a\">\r\n<div class=\"vce-content-background-container\"><\/div>\r\n<div class=\"vce-row-content\" data-vce-element-content=\"true\">\r\n\r\n\r\n<div id=\"el-487871c3\" class=\"vce-col vce-col--md-100p vce-col--xs-1 vce-col--xs-last vce-col--xs-first vce-col--sm-last vce-col--sm-first vce-col--md-last vce-col--lg-last vce-col--xl-last vce-col--md-first vce-col--lg-first vce-col--xl-first\">\r\n<div class=\"vce-col-inner\" data-vce-do-apply=\"border margin background el-487871c3\">\r\n<div class=\"vce-col-content\" data-vce-element-content=\"true\" data-vce-do-apply=\"padding el-487871c3\">\r\n\r\n\r\n<div class=\"vce-text-block\">\r\n<div id=\"el-ac85f8bf\" class=\"vce-text-block-wrapper vce\" data-vce-do-apply=\"all el-ac85f8bf\">\r\n\r\nThanks to the enlargeable font sizes at <span style=\"color: #ed1651;\">TEDME<\/span> are\r\n<ul>\r\n \t<li aria-level=\"1\">Your content is easier to read for all participants,<\/li>\r\n \t<li aria-level=\"1\">they can enlarge all content without destroying your or our web design.<\/li>\r\n<\/ul>\r\n<\/div>\r\n<\/div>\r\n\r\n<div class=\"vce-text-block\">\r\n<div id=\"el-ddaf5e9e\" class=\"vce-text-block-wrapper vce\" data-vce-do-apply=\"all el-ddaf5e9e\">\r\n\r\nUnterst\u00fctzen Sie sie und bieten Sie ihnen eine Farbkorrektur an, die sie selbst einstellen k\u00f6nnen.\r\n\r\nDer in <span style=\"color: #ed1651;\">TEDME<\/span> verf\u00fcgbare Blau-Filter reduziert den Blauanteil Ihres Bildschirm-Lichtes. Das ist deutlich augenschonender. Dar\u00fcber freuen sich auch Menschen mit empfindlichen Augen. Und der Nacht-Modus sorgt daf\u00fcr, dass der Bildschirm und die dort gezeigten Inhalte ebenfalls weniger grell erscheinen.\r\n\r\nDank der Farb- und Helligkeitsanpassungen bei <span style=\"color: #ed1651;\">TEMDE<\/span> are\r\n<ul>\r\n \t<li aria-level=\"1\">Colour weaknesses can be individually corrected<\/li>\r\n \t<li aria-level=\"1\">Adjustments available for red, green and blue weaknesses<\/li>\r\n \t<li aria-level=\"1\">Adjustable blue filter<\/li>\r\n \t<li aria-level=\"1\">an eye-friendly night mode available for sensitive eyes<\/li>\r\n<\/ul>\r\n<\/div>\r\n<\/div>\r\n\r\n<div class=\"vce-single-image-container vce-single-image--align-center\">\r\n<div id=\"el-13f27782\" class=\"vce vce-single-image-wrapper\" data-vce-do-apply=\"all el-13f27782\">\r\n<figure>\r\n<div class=\"vce-single-image-figure-inner\" style=\"width: 1834px;\">\r\n<div class=\"vce-single-image-inner vce-single-image--absolute\" style=\"width: 100%; padding-bottom: 56.5431%;\"><img decoding=\"async\" class=\"vce-single-image\" title=\"tedme-barrier-free-votingtool\" src=\"https:\/\/tedme.com\/wp-content\/uploads\/2024\/07\/tedme-barrierefrei-votingtool.png\" alt=\"\" data-img-src=\"https:\/\/tedme.com\/wp-content\/uploads\/2024\/07\/tedme-barrierefrei-votingtool.png\" data-attachment-id=\"3404\" \/><\/div>\r\n<\/div>\r\n<figcaption hidden=\"\"><\/figcaption><\/figure>\r\n<\/div>\r\n<\/div>\r\n\r\n\r\n<\/div>\r\n<\/div>\r\n<\/div>\r\n\r\n\r\n<\/div>\r\n<\/div>\r\n<\/div>\r\n\r\n<div class=\"vce-row-container\">\r\n<div id=\"el-9a805c7e\" class=\"vce-row vce-element--has-background vce-row--col-gap-30 content-section vce-row-no-paddings vce-row-equal-height vce-row-content--top\" data-vce-full-width=\"true\" data-vce-stretch-content=\"true\" data-vce-do-apply=\"all el-9a805c7e\">\r\n<div class=\"vce-content-background-container\"><\/div>\r\n<div class=\"vce-row-content\" data-vce-element-content=\"true\">\r\n\r\n\r\n<div id=\"el-aa0a781c\" class=\"vce-col vce-col--md-auto vce-col--xs-1 vce-col--xs-last vce-col--xs-first vce-col--sm-last vce-col--sm-first vce-col--md-last vce-col--lg-last vce-col--xl-last vce-col--md-first vce-col--lg-first vce-col--xl-first\">\r\n<div class=\"vce-col-inner\" data-vce-do-apply=\"border margin background el-aa0a781c\">\r\n<div class=\"vce-col-content\" data-vce-element-content=\"true\" data-vce-do-apply=\"padding el-aa0a781c\">\r\n\r\n\r\n<div class=\"vce-text-block\">\r\n<div id=\"el-e51af527\" class=\"vce-text-block-wrapper vce\" data-vce-do-apply=\"all el-e51af527\">\r\n<h3 style=\"text-align: center;\"><span style=\"color: #ffffff;\">Do you have any further questions?<\/span><\/h3>\r\n<p style=\"text-align: center;\"><a class=\"btn-tdy\" href=\"\/en\/contact\/\">CONTACT<\/a><\/p>\r\n\r\n<\/div>\r\n<\/div>\r\n\r\n\r\n<\/div>\r\n<\/div>\r\n<\/div>\r\n\r\n\r\n<\/div>\r\n<\/div>\r\n<\/div>","protected":false},"excerpt":{"rendered":"<p>Barrierefreiheit Barrierefreiheit \u2013 integrieren Sie auch Menschen mit Seh- und Leseschw\u00e4chen TEDME macht eine kontrastreiche Farbauswahl m\u00f6glich. So k\u00f6nnen Ihre Teilnehmer aus unterschiedlichen Hintergrund- und Schriftfarb-Kombinationen ausw\u00e4hlen und so einen f\u00fcr sie optimalen Kontrast herstellen. Diese Farbkombination l\u00e4sst sich speichern und ist so bei der n\u00e4chsten TEDME-Nutzung wieder verf\u00fcgbar. Anders als mit dem normalen Browser-Zoom [&hellip;]<\/p>\n","protected":false},"author":1,"featured_media":0,"parent":0,"menu_order":0,"comment_status":"closed","ping_status":"closed","template":"","meta":{"footnotes":""},"class_list":["post-2163","page","type-page","status-publish","hentry"],"yoast_head":"<!-- This site is optimized with the Yoast SEO Premium plugin v27.3 (Yoast SEO v27.3) - https:\/\/yoast.com\/product\/yoast-seo-premium-wordpress\/ -->\n<title>Barrierefrei: Optimale Lesbarkeit f\u00fcr Ihre Inhalte - TEDME<\/title>\n<meta name=\"description\" content=\"Mit TEDME wird Barrierefreiheit zum Kinderspiel. W\u00e4hlen Sie Ihre optimale Farbkombination f\u00fcr ein besseres Leseerlebnis.\" \/>\n<meta name=\"robots\" content=\"index, follow, max-snippet:-1, max-image-preview:large, max-video-preview:-1\" \/>\n<link rel=\"canonical\" href=\"https:\/\/tedme.com\/en\/accessibility\/\" \/>\n<meta property=\"og:locale\" content=\"en_GB\" \/>\n<meta property=\"og:type\" content=\"article\" \/>\n<meta property=\"og:title\" content=\"Barrierefreiheit\" \/>\n<meta property=\"og:description\" content=\"Mit TEDME wird Barrierefreiheit zum Kinderspiel. W\u00e4hlen Sie Ihre optimale Farbkombination f\u00fcr ein besseres Leseerlebnis.\" \/>\n<meta property=\"og:url\" content=\"https:\/\/tedme.com\/en\/accessibility\/\" \/>\n<meta property=\"og:site_name\" content=\"TEDME\" \/>\n<meta property=\"article:modified_time\" content=\"2026-03-11T17:45:59+00:00\" \/>\n<meta property=\"og:image\" content=\"https:\/\/tedme.com\/wp-content\/uploads\/2024\/07\/tedme-barrierefrei.png\" \/>\n<meta name=\"twitter:card\" content=\"summary_large_image\" \/>\n<meta name=\"twitter:label1\" content=\"Estimated reading time\" \/>\n\t<meta name=\"twitter:data1\" content=\"1 minute\" \/>\n<script type=\"application\/ld+json\" class=\"yoast-schema-graph\">{\"@context\":\"https:\\\/\\\/schema.org\",\"@graph\":[{\"@type\":\"WebPage\",\"@id\":\"https:\\\/\\\/tedme.com\\\/accessibility\\\/\",\"url\":\"https:\\\/\\\/tedme.com\\\/accessibility\\\/\",\"name\":\"Barrierefrei: Optimale Lesbarkeit f\u00fcr Ihre Inhalte - TEDME\",\"isPartOf\":{\"@id\":\"https:\\\/\\\/tedme.com\\\/#website\"},\"primaryImageOfPage\":{\"@id\":\"https:\\\/\\\/tedme.com\\\/accessibility\\\/#primaryimage\"},\"image\":{\"@id\":\"https:\\\/\\\/tedme.com\\\/accessibility\\\/#primaryimage\"},\"thumbnailUrl\":\"https:\\\/\\\/tedme.com\\\/wp-content\\\/uploads\\\/2024\\\/07\\\/tedme-barrierefrei.png\",\"datePublished\":\"2023-02-09T02:40:23+00:00\",\"dateModified\":\"2026-03-11T17:45:59+00:00\",\"description\":\"Mit TEDME wird Barrierefreiheit zum Kinderspiel. W\u00e4hlen Sie Ihre optimale Farbkombination f\u00fcr ein besseres Leseerlebnis.\",\"breadcrumb\":{\"@id\":\"https:\\\/\\\/tedme.com\\\/accessibility\\\/#breadcrumb\"},\"inLanguage\":\"en-GB\",\"potentialAction\":[{\"@type\":\"ReadAction\",\"target\":[\"https:\\\/\\\/tedme.com\\\/accessibility\\\/\"]}]},{\"@type\":\"ImageObject\",\"inLanguage\":\"en-GB\",\"@id\":\"https:\\\/\\\/tedme.com\\\/accessibility\\\/#primaryimage\",\"url\":\"https:\\\/\\\/tedme.com\\\/wp-content\\\/uploads\\\/2024\\\/07\\\/tedme-barrierefrei.png\",\"contentUrl\":\"https:\\\/\\\/tedme.com\\\/wp-content\\\/uploads\\\/2024\\\/07\\\/tedme-barrierefrei.png\"},{\"@type\":\"BreadcrumbList\",\"@id\":\"https:\\\/\\\/tedme.com\\\/accessibility\\\/#breadcrumb\",\"itemListElement\":[{\"@type\":\"ListItem\",\"position\":1,\"name\":\"Home\",\"item\":\"https:\\\/\\\/tedme.com\\\/\"},{\"@type\":\"ListItem\",\"position\":2,\"name\":\"Barrierefreiheit\"}]},{\"@type\":\"WebSite\",\"@id\":\"https:\\\/\\\/tedme.com\\\/#website\",\"url\":\"https:\\\/\\\/tedme.com\\\/\",\"name\":\"TEDME\",\"description\":\"easy audience interaction &amp; polling\",\"publisher\":{\"@id\":\"https:\\\/\\\/tedme.com\\\/#organization\"},\"potentialAction\":[{\"@type\":\"SearchAction\",\"target\":{\"@type\":\"EntryPoint\",\"urlTemplate\":\"https:\\\/\\\/tedme.com\\\/?s={search_term_string}\"},\"query-input\":{\"@type\":\"PropertyValueSpecification\",\"valueRequired\":true,\"valueName\":\"search_term_string\"}}],\"inLanguage\":\"en-GB\"},{\"@type\":\"Organization\",\"@id\":\"https:\\\/\\\/tedme.com\\\/#organization\",\"name\":\"TEDME\",\"url\":\"https:\\\/\\\/tedme.com\\\/\",\"logo\":{\"@type\":\"ImageObject\",\"inLanguage\":\"en-GB\",\"@id\":\"https:\\\/\\\/tedme.com\\\/#\\\/schema\\\/logo\\\/image\\\/\",\"url\":\"https:\\\/\\\/tedme.com\\\/wp-content\\\/uploads\\\/2021\\\/07\\\/tdy-logo.png\",\"contentUrl\":\"https:\\\/\\\/tedme.com\\\/wp-content\\\/uploads\\\/2021\\\/07\\\/tdy-logo.png\",\"width\":200,\"height\":106,\"caption\":\"TEDME\"},\"image\":{\"@id\":\"https:\\\/\\\/tedme.com\\\/#\\\/schema\\\/logo\\\/image\\\/\"}}]}<\/script>\n<!-- \/ Yoast SEO Premium plugin. -->","yoast_head_json":{"title":"Barrierefrei: Optimale Lesbarkeit f\u00fcr Ihre Inhalte - TEDME","description":"Mit TEDME wird Barrierefreiheit zum Kinderspiel. W\u00e4hlen Sie Ihre optimale Farbkombination f\u00fcr ein besseres Leseerlebnis.","robots":{"index":"index","follow":"follow","max-snippet":"max-snippet:-1","max-image-preview":"max-image-preview:large","max-video-preview":"max-video-preview:-1"},"canonical":"https:\/\/tedme.com\/en\/accessibility\/","og_locale":"en_GB","og_type":"article","og_title":"Barrierefreiheit","og_description":"Mit TEDME wird Barrierefreiheit zum Kinderspiel. W\u00e4hlen Sie Ihre optimale Farbkombination f\u00fcr ein besseres Leseerlebnis.","og_url":"https:\/\/tedme.com\/en\/accessibility\/","og_site_name":"TEDME","article_modified_time":"2026-03-11T17:45:59+00:00","og_image":[{"url":"https:\/\/tedme.com\/wp-content\/uploads\/2024\/07\/tedme-barrierefrei.png","type":"","width":"","height":""}],"twitter_card":"summary_large_image","twitter_misc":{"Estimated reading time":"1 minute"},"schema":{"@context":"https:\/\/schema.org","@graph":[{"@type":"WebPage","@id":"https:\/\/tedme.com\/accessibility\/","url":"https:\/\/tedme.com\/accessibility\/","name":"Barrierefrei: Optimale Lesbarkeit f\u00fcr Ihre Inhalte - TEDME","isPartOf":{"@id":"https:\/\/tedme.com\/#website"},"primaryImageOfPage":{"@id":"https:\/\/tedme.com\/accessibility\/#primaryimage"},"image":{"@id":"https:\/\/tedme.com\/accessibility\/#primaryimage"},"thumbnailUrl":"https:\/\/tedme.com\/wp-content\/uploads\/2024\/07\/tedme-barrierefrei.png","datePublished":"2023-02-09T02:40:23+00:00","dateModified":"2026-03-11T17:45:59+00:00","description":"Mit TEDME wird Barrierefreiheit zum Kinderspiel. W\u00e4hlen Sie Ihre optimale Farbkombination f\u00fcr ein besseres Leseerlebnis.","breadcrumb":{"@id":"https:\/\/tedme.com\/accessibility\/#breadcrumb"},"inLanguage":"en-GB","potentialAction":[{"@type":"ReadAction","target":["https:\/\/tedme.com\/accessibility\/"]}]},{"@type":"ImageObject","inLanguage":"en-GB","@id":"https:\/\/tedme.com\/accessibility\/#primaryimage","url":"https:\/\/tedme.com\/wp-content\/uploads\/2024\/07\/tedme-barrierefrei.png","contentUrl":"https:\/\/tedme.com\/wp-content\/uploads\/2024\/07\/tedme-barrierefrei.png"},{"@type":"BreadcrumbList","@id":"https:\/\/tedme.com\/accessibility\/#breadcrumb","itemListElement":[{"@type":"ListItem","position":1,"name":"Home","item":"https:\/\/tedme.com\/"},{"@type":"ListItem","position":2,"name":"Barrierefreiheit"}]},{"@type":"WebSite","@id":"https:\/\/tedme.com\/#website","url":"https:\/\/tedme.com\/","name":"TEDME","description":"easy audience interaction &amp; polling","publisher":{"@id":"https:\/\/tedme.com\/#organization"},"potentialAction":[{"@type":"SearchAction","target":{"@type":"EntryPoint","urlTemplate":"https:\/\/tedme.com\/?s={search_term_string}"},"query-input":{"@type":"PropertyValueSpecification","valueRequired":true,"valueName":"search_term_string"}}],"inLanguage":"en-GB"},{"@type":"Organization","@id":"https:\/\/tedme.com\/#organization","name":"TEDME","url":"https:\/\/tedme.com\/","logo":{"@type":"ImageObject","inLanguage":"en-GB","@id":"https:\/\/tedme.com\/#\/schema\/logo\/image\/","url":"https:\/\/tedme.com\/wp-content\/uploads\/2021\/07\/tdy-logo.png","contentUrl":"https:\/\/tedme.com\/wp-content\/uploads\/2021\/07\/tdy-logo.png","width":200,"height":106,"caption":"TEDME"},"image":{"@id":"https:\/\/tedme.com\/#\/schema\/logo\/image\/"}}]}},"_links":{"self":[{"href":"https:\/\/tedme.com\/en\/wp-json\/wp\/v2\/pages\/2163","targetHints":{"allow":["GET"]}}],"collection":[{"href":"https:\/\/tedme.com\/en\/wp-json\/wp\/v2\/pages"}],"about":[{"href":"https:\/\/tedme.com\/en\/wp-json\/wp\/v2\/types\/page"}],"author":[{"embeddable":true,"href":"https:\/\/tedme.com\/en\/wp-json\/wp\/v2\/users\/1"}],"replies":[{"embeddable":true,"href":"https:\/\/tedme.com\/en\/wp-json\/wp\/v2\/comments?post=2163"}],"version-history":[{"count":19,"href":"https:\/\/tedme.com\/en\/wp-json\/wp\/v2\/pages\/2163\/revisions"}],"predecessor-version":[{"id":4038,"href":"https:\/\/tedme.com\/en\/wp-json\/wp\/v2\/pages\/2163\/revisions\/4038"}],"wp:attachment":[{"href":"https:\/\/tedme.com\/en\/wp-json\/wp\/v2\/media?parent=2163"}],"curies":[{"name":"wp","href":"https:\/\/api.w.org\/{rel}","templated":true}]}}