{"id":3141,"date":"2024-05-07T11:37:32","date_gmt":"2024-05-07T11:37:32","guid":{"rendered":"https:\/\/tedmecom.aisys13.aisys-media.com\/?page_id=3141"},"modified":"2026-04-16T19:15:28","modified_gmt":"2026-04-16T19:15:28","slug":"tedme-free","status":"publish","type":"page","link":"https:\/\/tedme.com\/en\/tedme-free\/","title":{"rendered":""},"content":{"rendered":"<div class=\"vce-row-container\">\r\n<div id=\"el-e8cd133c\" class=\"vce-row vce-element--has-background vce-row--col-gap-30 picture-header vce-row-no-paddings vce-row-equal-height vce-row-content--top\" data-vce-full-width=\"true\" data-vce-stretch-content=\"true\" data-vce-do-apply=\"all el-e8cd133c\">\r\n<div class=\"vce-content-background-container\"><\/div>\r\n<div class=\"vce-row-content\" data-vce-element-content=\"true\">\r\n\r\n\r\n<div id=\"el-8f99806b\" class=\"vce-col vce-col--md-auto vce-col--xs-1 vce-col--xs-last vce-col--xs-first vce-col--sm-last vce-col--sm-first vce-col--md-last vce-col--lg-last vce-col--xl-last vce-col--md-first vce-col--lg-first vce-col--xl-first d-flex align-items-center header-column\">\r\n<div class=\"vce-col-inner\" data-vce-do-apply=\"border margin background el-8f99806b\">\r\n<div class=\"vce-col-content\" data-vce-element-content=\"true\" data-vce-do-apply=\"padding el-8f99806b\">\r\n\r\n\r\n<div class=\"vce-text-block\">\r\n<div id=\"el-94a2a4eb\" class=\"vce-text-block-wrapper vce\" data-vce-do-apply=\"all el-94a2a4eb\">\r\n<h1 style=\"text-align: center; color: #ffffff;\"><span style=\"color: #ed1651;\">TEDME<\/span> Free Version<\/h1>\r\n<\/div>\r\n<\/div>\r\n\r\n\r\n<\/div>\r\n<\/div>\r\n<\/div>\r\n\r\n\r\n<\/div>\r\n<\/div>\r\n<\/div>\r\n\r\n<div class=\"vce-row-container\">\r\n<div id=\"el-219ee6d3\" class=\"vce-row vce-row--col-gap-30 content-section vce-row-equal-height vce-row-content--top\" data-vce-full-width=\"true\" data-vce-stretch-content=\"true\" data-vce-do-apply=\"all el-219ee6d3\">\r\n<div class=\"vce-row-content\" data-vce-element-content=\"true\">\r\n\r\n\r\n<div id=\"el-4a9447bb\" class=\"vce-col vce-col--md-auto vce-col--xs-1 vce-col--xs-last vce-col--xs-first vce-col--sm-last vce-col--sm-first vce-col--md-last vce-col--lg-last vce-col--xl-last vce-col--md-first vce-col--lg-first vce-col--xl-first\">\r\n<div class=\"vce-col-inner\" data-vce-do-apply=\"border margin background el-4a9447bb\">\r\n<div class=\"vce-col-content\" data-vce-element-content=\"true\" data-vce-do-apply=\"padding el-4a9447bb\">\r\n\r\n\r\n<div class=\"vce-text-block\">\r\n<div id=\"el-a20dbc37\" class=\"vce-text-block-wrapper vce\" data-vce-do-apply=\"all el-a20dbc37\">\r\n<h2 style=\"text-align: center;\">Permanently free of charge<\/h2>\r\nHad enough theory? Then simply try out the free version of TEDME.\r\n<ul>\r\n \t<li aria-level=\"1\">Permanently free of charge<\/li>\r\n \t<li aria-level=\"1\">After creating the user account, you can start immediately - no account details or similar.<\/li>\r\n \t<li aria-level=\"1\">Upgrade possible at any time<\/li>\r\n<\/ul>\r\nThe functional scope of the free version is sufficient for you to familiarise yourself with TEDME. If you have more presentations or participants, it is worth taking a look at the <a href=\"https:\/\/teddy2.tedme.com\/billing\/\">chargeable packages.<\/a>\r\n\r\nUnsure whether you want to use TEMDE with or without our support?\r\n<ul>\r\n \t<li aria-level=\"1\">There is full support in the <a href=\"https:\/\/teddy2.tedme.com\/billing\/plans\/single-event\/managed\">ManagedService<\/a><\/li>\r\n \t<li aria-level=\"1\">How to do it yourself <a href=\"https:\/\/teddy2.tedme.com\/billing\/\">SelfService<\/a><\/li>\r\n<\/ul>\r\n<p style=\"text-align: center;\"><a class=\"btn-tdy\" href=\"https:\/\/teddy2.tedme.com\/login\/create_account\">Register free version<\/a><\/p>\r\n\r\n<\/div>\r\n<\/div>\r\n\r\n\r\n<\/div>\r\n<\/div>\r\n<\/div>\r\n\r\n\r\n<\/div>\r\n<\/div>\r\n<\/div>\r\n\r\n<div class=\"vce-row-container\">\r\n<div id=\"el-3c6fa2c2\" class=\"vce-row vce-element--has-background vce-row--col-gap-30 content-section vce-row-no-paddings vce-row-equal-height vce-row-content--top\" data-vce-full-width=\"true\" data-vce-stretch-content=\"true\" data-vce-do-apply=\"all el-3c6fa2c2\">\r\n<div class=\"vce-content-background-container\"><\/div>\r\n<div class=\"vce-row-content\" data-vce-element-content=\"true\">\r\n\r\n\r\n<div id=\"el-f6e1e9a8\" class=\"vce-col vce-col--md-auto vce-col--xs-1 vce-col--xs-last vce-col--xs-first vce-col--sm-last vce-col--sm-first vce-col--md-last vce-col--lg-last vce-col--xl-last vce-col--md-first vce-col--lg-first vce-col--xl-first\">\r\n<div class=\"vce-col-inner\" data-vce-do-apply=\"border margin background el-f6e1e9a8\">\r\n<div class=\"vce-col-content\" data-vce-element-content=\"true\" data-vce-do-apply=\"padding el-f6e1e9a8\">\r\n\r\n\r\n<div class=\"vce-text-block\">\r\n<div id=\"el-678ede32\" class=\"vce-text-block-wrapper vce\" data-vce-do-apply=\"all el-678ede32\">\r\n<p class=\"h3-text\" style=\"text-align: center;\"><span style=\"color: #ffffff;\">Do you have any further questions?<\/span><\/p>\r\n<p style=\"text-align: center;\"><a class=\"btn-tdy\" href=\"\/en\/contact\/\">CONTACT<\/a><\/p>\r\n\r\n<\/div>\r\n<\/div>\r\n\r\n\r\n<\/div>\r\n<\/div>\r\n<\/div>\r\n\r\n\r\n<\/div>\r\n<\/div>\r\n<\/div>","protected":false},"excerpt":{"rendered":"<p>TEDME Free Version Dauerhaft kostenfrei Genug Theorie? Dann probieren Sie TEDME in der FreeVersion einfach aus. Dauerhaft kostenfrei Nach dem Erstellen des Benutzerkontos geht es sofort los \u2013 keine Kontodaten o.\u00e4. Upgrade jederzeit m\u00f6glich Der Funktionsumfang der FreeVersion reicht aus, damit Sie TEDME n\u00e4her kennenlernen k\u00f6nnen. Haben Sie mehr Vortr\u00e4ge oder Teilnehmende, lohnt sich ein [&hellip;]<\/p>\n","protected":false},"author":1,"featured_media":0,"parent":0,"menu_order":0,"comment_status":"closed","ping_status":"closed","template":"","meta":{"footnotes":""},"class_list":["post-3141","page","type-page","status-publish","hentry"],"yoast_head":"<!-- This site is optimized with the Yoast SEO Premium plugin v27.3 (Yoast SEO v27.3) - https:\/\/yoast.com\/product\/yoast-seo-premium-wordpress\/ -->\n<title>Tedme Free<\/title>\n<meta name=\"description\" content=\"Testen Sie die Free Version von TEDME. Erstellen Sie ein Benutzerkonto und starten Sie sofort, ganz ohne Kosten.\" \/>\n<meta name=\"robots\" content=\"index, follow, max-snippet:-1, max-image-preview:large, max-video-preview:-1\" \/>\n<link rel=\"canonical\" href=\"https:\/\/tedme.com\/en\/tedme-free\/\" \/>\n<meta property=\"og:locale\" content=\"en_GB\" \/>\n<meta property=\"og:type\" content=\"article\" \/>\n<meta property=\"og:title\" content=\"Tedme Free\" \/>\n<meta property=\"og:description\" content=\"Testen Sie die Free Version von TEDME. Erstellen Sie ein Benutzerkonto und starten Sie sofort, ganz ohne Kosten.\" \/>\n<meta property=\"og:url\" content=\"https:\/\/tedme.com\/en\/tedme-free\/\" \/>\n<meta property=\"og:site_name\" content=\"TEDME\" \/>\n<meta property=\"article:modified_time\" content=\"2026-04-16T19:15:28+00:00\" \/>\n<meta name=\"twitter:card\" content=\"summary_large_image\" \/>\n<script type=\"application\/ld+json\" class=\"yoast-schema-graph\">{\"@context\":\"https:\\\/\\\/schema.org\",\"@graph\":[{\"@type\":\"WebPage\",\"@id\":\"https:\\\/\\\/tedme.com\\\/tedme-free\\\/\",\"url\":\"https:\\\/\\\/tedme.com\\\/tedme-free\\\/\",\"name\":\"Tedme Free\",\"isPartOf\":{\"@id\":\"https:\\\/\\\/tedme.com\\\/#website\"},\"datePublished\":\"2024-05-07T11:37:32+00:00\",\"dateModified\":\"2026-04-16T19:15:28+00:00\",\"description\":\"Testen Sie die Free Version von TEDME. Erstellen Sie ein Benutzerkonto und starten Sie sofort, ganz ohne Kosten.\",\"breadcrumb\":{\"@id\":\"https:\\\/\\\/tedme.com\\\/tedme-free\\\/#breadcrumb\"},\"inLanguage\":\"en-GB\",\"potentialAction\":[{\"@type\":\"ReadAction\",\"target\":[\"https:\\\/\\\/tedme.com\\\/tedme-free\\\/\"]}]},{\"@type\":\"BreadcrumbList\",\"@id\":\"https:\\\/\\\/tedme.com\\\/tedme-free\\\/#breadcrumb\",\"itemListElement\":[{\"@type\":\"ListItem\",\"position\":1,\"name\":\"Home\",\"item\":\"https:\\\/\\\/tedme.com\\\/\"},{\"@type\":\"ListItem\",\"position\":2,\"name\":\"Tedme Free\"}]},{\"@type\":\"WebSite\",\"@id\":\"https:\\\/\\\/tedme.com\\\/#website\",\"url\":\"https:\\\/\\\/tedme.com\\\/\",\"name\":\"TEDME\",\"description\":\"easy audience interaction &amp; polling\",\"publisher\":{\"@id\":\"https:\\\/\\\/tedme.com\\\/#organization\"},\"potentialAction\":[{\"@type\":\"SearchAction\",\"target\":{\"@type\":\"EntryPoint\",\"urlTemplate\":\"https:\\\/\\\/tedme.com\\\/?s={search_term_string}\"},\"query-input\":{\"@type\":\"PropertyValueSpecification\",\"valueRequired\":true,\"valueName\":\"search_term_string\"}}],\"inLanguage\":\"en-GB\"},{\"@type\":\"Organization\",\"@id\":\"https:\\\/\\\/tedme.com\\\/#organization\",\"name\":\"TEDME\",\"url\":\"https:\\\/\\\/tedme.com\\\/\",\"logo\":{\"@type\":\"ImageObject\",\"inLanguage\":\"en-GB\",\"@id\":\"https:\\\/\\\/tedme.com\\\/#\\\/schema\\\/logo\\\/image\\\/\",\"url\":\"https:\\\/\\\/tedme.com\\\/wp-content\\\/uploads\\\/2021\\\/07\\\/tdy-logo.png\",\"contentUrl\":\"https:\\\/\\\/tedme.com\\\/wp-content\\\/uploads\\\/2021\\\/07\\\/tdy-logo.png\",\"width\":200,\"height\":106,\"caption\":\"TEDME\"},\"image\":{\"@id\":\"https:\\\/\\\/tedme.com\\\/#\\\/schema\\\/logo\\\/image\\\/\"}}]}<\/script>\n<!-- \/ Yoast SEO Premium plugin. -->","yoast_head_json":{"title":"Tedme Free","description":"Testen Sie die Free Version von TEDME. Erstellen Sie ein Benutzerkonto und starten Sie sofort, ganz ohne Kosten.","robots":{"index":"index","follow":"follow","max-snippet":"max-snippet:-1","max-image-preview":"max-image-preview:large","max-video-preview":"max-video-preview:-1"},"canonical":"https:\/\/tedme.com\/en\/tedme-free\/","og_locale":"en_GB","og_type":"article","og_title":"Tedme Free","og_description":"Testen Sie die Free Version von TEDME. Erstellen Sie ein Benutzerkonto und starten Sie sofort, ganz ohne Kosten.","og_url":"https:\/\/tedme.com\/en\/tedme-free\/","og_site_name":"TEDME","article_modified_time":"2026-04-16T19:15:28+00:00","twitter_card":"summary_large_image","schema":{"@context":"https:\/\/schema.org","@graph":[{"@type":"WebPage","@id":"https:\/\/tedme.com\/tedme-free\/","url":"https:\/\/tedme.com\/tedme-free\/","name":"Tedme Free","isPartOf":{"@id":"https:\/\/tedme.com\/#website"},"datePublished":"2024-05-07T11:37:32+00:00","dateModified":"2026-04-16T19:15:28+00:00","description":"Testen Sie die Free Version von TEDME. Erstellen Sie ein Benutzerkonto und starten Sie sofort, ganz ohne Kosten.","breadcrumb":{"@id":"https:\/\/tedme.com\/tedme-free\/#breadcrumb"},"inLanguage":"en-GB","potentialAction":[{"@type":"ReadAction","target":["https:\/\/tedme.com\/tedme-free\/"]}]},{"@type":"BreadcrumbList","@id":"https:\/\/tedme.com\/tedme-free\/#breadcrumb","itemListElement":[{"@type":"ListItem","position":1,"name":"Home","item":"https:\/\/tedme.com\/"},{"@type":"ListItem","position":2,"name":"Tedme Free"}]},{"@type":"WebSite","@id":"https:\/\/tedme.com\/#website","url":"https:\/\/tedme.com\/","name":"TEDME","description":"easy audience interaction &amp; polling","publisher":{"@id":"https:\/\/tedme.com\/#organization"},"potentialAction":[{"@type":"SearchAction","target":{"@type":"EntryPoint","urlTemplate":"https:\/\/tedme.com\/?s={search_term_string}"},"query-input":{"@type":"PropertyValueSpecification","valueRequired":true,"valueName":"search_term_string"}}],"inLanguage":"en-GB"},{"@type":"Organization","@id":"https:\/\/tedme.com\/#organization","name":"TEDME","url":"https:\/\/tedme.com\/","logo":{"@type":"ImageObject","inLanguage":"en-GB","@id":"https:\/\/tedme.com\/#\/schema\/logo\/image\/","url":"https:\/\/tedme.com\/wp-content\/uploads\/2021\/07\/tdy-logo.png","contentUrl":"https:\/\/tedme.com\/wp-content\/uploads\/2021\/07\/tdy-logo.png","width":200,"height":106,"caption":"TEDME"},"image":{"@id":"https:\/\/tedme.com\/#\/schema\/logo\/image\/"}}]}},"_links":{"self":[{"href":"https:\/\/tedme.com\/en\/wp-json\/wp\/v2\/pages\/3141","targetHints":{"allow":["GET"]}}],"collection":[{"href":"https:\/\/tedme.com\/en\/wp-json\/wp\/v2\/pages"}],"about":[{"href":"https:\/\/tedme.com\/en\/wp-json\/wp\/v2\/types\/page"}],"author":[{"embeddable":true,"href":"https:\/\/tedme.com\/en\/wp-json\/wp\/v2\/users\/1"}],"replies":[{"embeddable":true,"href":"https:\/\/tedme.com\/en\/wp-json\/wp\/v2\/comments?post=3141"}],"version-history":[{"count":7,"href":"https:\/\/tedme.com\/en\/wp-json\/wp\/v2\/pages\/3141\/revisions"}],"predecessor-version":[{"id":4327,"href":"https:\/\/tedme.com\/en\/wp-json\/wp\/v2\/pages\/3141\/revisions\/4327"}],"wp:attachment":[{"href":"https:\/\/tedme.com\/en\/wp-json\/wp\/v2\/media?parent=3141"}],"curies":[{"name":"wp","href":"https:\/\/api.w.org\/{rel}","templated":true}]}}