{"id":435,"date":"2021-07-26T08:18:29","date_gmt":"2021-07-26T08:18:29","guid":{"rendered":"https:\/\/tedme.com\/?page_id=435"},"modified":"2026-04-15T20:06:59","modified_gmt":"2026-04-15T20:06:59","slug":"educational-events","status":"publish","type":"page","link":"https:\/\/tedme.com\/en\/educational-events\/","title":{"rendered":""},"content":{"rendered":"<div class=\"vce-row-container\">\r\n<div id=\"el-938827e0\" class=\"vce-row vce-element--has-background vce-row--col-gap-30 picture-header vce-row-no-paddings vce-row-equal-height vce-row-content--top\" data-vce-full-width=\"true\" data-vce-stretch-content=\"true\" data-vce-do-apply=\"all el-938827e0\">\r\n<div class=\"vce-content-background-container\"><\/div>\r\n<div class=\"vce-row-content\" data-vce-element-content=\"true\">\r\n\r\n\r\n<div id=\"el-9979dd18\" class=\"vce-col vce-col--md-auto vce-col--xs-1 vce-col--xs-last vce-col--xs-first vce-col--sm-last vce-col--sm-first vce-col--md-last vce-col--lg-last vce-col--xl-last vce-col--md-first vce-col--lg-first vce-col--xl-first d-flex align-items-center header-column\">\r\n<div class=\"vce-col-inner\" data-vce-do-apply=\"border margin background el-9979dd18\">\r\n<div class=\"vce-col-content\" data-vce-element-content=\"true\" data-vce-do-apply=\"padding el-9979dd18\">\r\n\r\n\r\n<div class=\"vce-text-block video-row\">\r\n<div id=\"el-d026e3bf\" class=\"vce-text-block-wrapper vce\" data-vce-do-apply=\"all el-d026e3bf\">\r\n<h1 style=\"text-align: center;\"><span style=\"color: #ed1651;\">TEDME<\/span> <span style=\"color: #ffffff;\">f\u00fcr Bildung und Weiterbildung<\/span><\/h1>\r\n<\/div>\r\n<\/div>\r\n\r\n\r\n<\/div>\r\n<\/div>\r\n<\/div>\r\n\r\n\r\n<\/div>\r\n<\/div>\r\n<\/div>\r\n\r\n<div class=\"vce-row-container\">\r\n<div id=\"el-74c07b14\" class=\"vce-row vce-row--col-gap-30 content-section-2 vce-row-equal-height vce-row-content--top\" data-vce-full-width=\"true\" data-vce-stretch-content=\"true\" data-vce-do-apply=\"all el-74c07b14\">\r\n<div class=\"vce-content-background-container\"><\/div>\r\n<div class=\"vce-row-content\" data-vce-element-content=\"true\">\r\n\r\n\r\n<div id=\"el-24ca69bf\" class=\"vce-col vce-col--md-auto vce-col--xs-1 vce-col--xs-last vce-col--xs-first vce-col--sm-last vce-col--sm-first vce-col--md-last vce-col--lg-last vce-col--xl-last vce-col--md-first vce-col--lg-first vce-col--xl-first\">\r\n<div class=\"vce-col-inner\" data-vce-do-apply=\"border margin background el-24ca69bf\">\r\n<div class=\"vce-col-content\" data-vce-element-content=\"true\" data-vce-do-apply=\"padding el-24ca69bf\">\r\n\r\n\r\n<div class=\"vce-text-block\">\r\n<div id=\"el-8f96a79c\" class=\"vce-text-block-wrapper vce\" data-vce-do-apply=\"all el-8f96a79c\">\r\n<h2 style=\"text-align: center;\">Education and training<\/h2>\r\n<\/div>\r\n<\/div>\r\n\r\n<div class=\"vce-row-container\">\r\n<div id=\"el-b0798fbe\" class=\"vce-row vce-row--col-gap-30 content-section vce-row-equal-height vce-row-content--top\" data-vce-full-width=\"true\" data-vce-stretch-content=\"true\" data-vce-do-apply=\"all el-b0798fbe\">\r\n<div class=\"vce-content-background-container\"><\/div>\r\n<div class=\"vce-row-content\" data-vce-element-content=\"true\">\r\n\r\n\r\n<div id=\"el-4c76a879\" class=\"vce-col vce-col--md-auto vce-col--xs-1 vce-col--xs-last vce-col--xs-first vce-col--sm-last vce-col--sm-first vce-col--md-first vce-col--lg-first vce-col--xl-first d-flex align-items-center\">\r\n<div class=\"vce-col-inner\" data-vce-do-apply=\"border margin background el-4c76a879\">\r\n<div class=\"vce-content-background-container\"><\/div>\r\n<div class=\"vce-col-content\" data-vce-element-content=\"true\" data-vce-do-apply=\"padding el-4c76a879\">\r\n\r\n\r\n<div class=\"vce-text-block\">\r\n<div id=\"el-424fc3b9\" class=\"vce-text-block-wrapper vce\" data-vce-do-apply=\"all el-424fc3b9\">\r\n<h3>Schule, Lehre oder Universit\u00e4t<\/h3>\r\nSie wollen Ihre Sch\u00fcler, Ihre Azubis oder Ihre Studenten interaktiv in Ihre Lehrveranstaltungen einbinden? Dann schauen Sie sich <span style=\"color: #ed1651;\">TEDME<\/span> einmal genauer an. Mit dem Browserbasierten Tool gelingen Ihnen Umfragen, Abstimmungen, Fragerunden, Wissensspiele und Wissenspr\u00fcfung im Handumdrehen. Wollen Sie anschlie\u00dfend auch wissen, wie das bei den Unterrichteten ankam, nutzen Sie die <span style=\"color: #ed1651;\">TEDME<\/span>-Feedbackb\u00f6gen zur anschlie\u00dfenden Evaluation.\r\n\r\n<\/div>\r\n<\/div>\r\n\r\n\r\n<\/div>\r\n<\/div>\r\n<\/div>\r\n\r\n<div id=\"el-dd18dbe3\" class=\"vce-col vce-col--md-auto vce-col--xs-1 vce-col--xs-last vce-col--xs-first vce-col--sm-last vce-col--sm-first vce-col--md-last vce-col--lg-last vce-col--xl-last d-flex align-items-center\">\r\n<div class=\"vce-col-inner\" data-vce-do-apply=\"border margin background el-dd18dbe3\">\r\n<div class=\"vce-content-background-container\"><\/div>\r\n<div class=\"vce-col-content\" data-vce-element-content=\"true\" data-vce-do-apply=\"padding el-dd18dbe3\">\r\n\r\n\r\n<div class=\"vce-single-image-container vce-single-image--align-center\">\r\n<div id=\"el-f1499816\" class=\"vce vce-single-image-wrapper\" data-vce-do-apply=\"all el-f1499816\">\r\n<figure>\r\n<div class=\"vce-single-image-figure-inner\" style=\"width: 1610px;\">\r\n<div class=\"vce-single-image-inner vce-single-image--absolute\" style=\"width: 100%; padding-bottom: 53.5404%;\"><img decoding=\"async\" class=\"vce-single-image\" title=\"Uni\" src=\"https:\/\/tedme.com\/wp-content\/uploads\/2021\/07\/Uni.png\" alt=\"\" data-img-src=\"https:\/\/tedme.com\/wp-content\/uploads\/2021\/07\/Uni.png\" data-attachment-id=\"216\" \/><\/div>\r\n<\/div>\r\n<figcaption hidden=\"\"><\/figcaption><\/figure>\r\n<\/div>\r\n<\/div>\r\n\r\n\r\n<\/div>\r\n<\/div>\r\n<\/div>\r\n\r\n\r\n<\/div>\r\n<\/div>\r\n<\/div>\r\n\r\n<div class=\"vce-text-block\">\r\n<div id=\"el-354cfb7f\" class=\"vce-text-block-wrapper vce\" data-vce-do-apply=\"all el-354cfb7f\">\r\n<p style=\"text-align: center;\"><a class=\"btn-tdy\" href=\"\/en\/universities\/\">mehr Infos zu Bildung und Weiterbildung<\/a><\/p>\r\n\r\n<\/div>\r\n<\/div>\r\n\r\n\r\n<\/div>\r\n<\/div>\r\n<\/div>\r\n\r\n\r\n<\/div>\r\n<\/div>\r\n<\/div>\r\n\r\n<div class=\"vce-row-container\">\r\n<div id=\"el-5d318ddd\" class=\"vce-row vce-element--has-background vce-row--col-gap-30 content-section vce-row-no-paddings vce-row-equal-height vce-row-content--top\" data-vce-full-width=\"true\" data-vce-stretch-content=\"true\" data-vce-do-apply=\"all el-5d318ddd\">\r\n<div class=\"vce-content-background-container\"><\/div>\r\n<div class=\"vce-row-content\" data-vce-element-content=\"true\">\r\n\r\n\r\n<div id=\"el-d32e03d4\" class=\"vce-col vce-col--md-auto vce-col--xs-1 vce-col--xs-last vce-col--xs-first vce-col--sm-last vce-col--sm-first vce-col--md-last vce-col--lg-last vce-col--xl-last vce-col--md-first vce-col--lg-first vce-col--xl-first\">\r\n<div class=\"vce-col-inner\" data-vce-do-apply=\"border margin background el-d32e03d4\">\r\n<div class=\"vce-col-content\" data-vce-element-content=\"true\" data-vce-do-apply=\"padding el-d32e03d4\">\r\n\r\n\r\n<div class=\"vce-text-block\">\r\n<div id=\"el-c92840a9\" class=\"vce-text-block-wrapper vce\" data-vce-do-apply=\"all el-c92840a9\">\r\n<p class=\"h3-text\" style=\"text-align: center;\"><span style=\"color: #ffffff;\">Do you have any further questions?<\/span><\/p>\r\n<p style=\"text-align: center;\"><a class=\"btn-tdy\" href=\"\/en\/contact\/\">CONTACT<\/a><\/p>\r\n\r\n<\/div>\r\n<\/div>\r\n\r\n\r\n<\/div>\r\n<\/div>\r\n<\/div>\r\n\r\n\r\n<\/div>\r\n<\/div>\r\n<\/div>","protected":false},"excerpt":{"rendered":"<p>TEDME f\u00fcr Bildung und Weiterbildung Bildung und Weiterbildung Schule, Lehre oder Universit\u00e4t Sie wollen Ihre Sch\u00fcler, Ihre Azubis oder Ihre Studenten interaktiv in Ihre Lehrveranstaltungen einbinden? Dann schauen Sie sich TEDME einmal genauer an. Mit dem Browserbasierten Tool gelingen Ihnen Umfragen, Abstimmungen, Fragerunden, Wissensspiele und Wissenspr\u00fcfung im Handumdrehen. Wollen Sie anschlie\u00dfend auch wissen, wie das [&hellip;]<\/p>\n","protected":false},"author":1,"featured_media":0,"parent":0,"menu_order":0,"comment_status":"closed","ping_status":"closed","template":"","meta":{"footnotes":""},"class_list":["post-435","page","type-page","status-publish","hentry"],"yoast_head":"<!-- This site is optimized with the Yoast SEO Premium plugin v27.3 (Yoast SEO v27.3) - https:\/\/yoast.com\/product\/yoast-seo-premium-wordpress\/ -->\n<title>Bildung interaktiv gestalten mit TEDME - TEDME<\/title>\n<meta name=\"description\" content=\"Bringen Sie frischen Wind in die Bildung mit TEDME. Interaktive Umfragen und Spiele f\u00f6rdern das Engagement der Lernenden.\" \/>\n<meta name=\"robots\" content=\"index, follow, max-snippet:-1, max-image-preview:large, max-video-preview:-1\" \/>\n<link rel=\"canonical\" href=\"https:\/\/tedme.com\/en\/educational-events\/\" \/>\n<meta property=\"og:locale\" content=\"en_GB\" \/>\n<meta property=\"og:type\" content=\"article\" \/>\n<meta property=\"og:title\" content=\"Bildung- und Weiterbildung\" \/>\n<meta property=\"og:description\" content=\"Bringen Sie frischen Wind in die Bildung mit TEDME. Interaktive Umfragen und Spiele f\u00f6rdern das Engagement der Lernenden.\" \/>\n<meta property=\"og:url\" content=\"https:\/\/tedme.com\/en\/educational-events\/\" \/>\n<meta property=\"og:site_name\" content=\"TEDME\" \/>\n<meta property=\"article:modified_time\" content=\"2026-04-15T20:06:59+00:00\" \/>\n<meta property=\"og:image\" content=\"https:\/\/tedme.com\/wp-content\/uploads\/2021\/07\/Uni.png\" \/>\n<meta name=\"twitter:card\" content=\"summary_large_image\" \/>\n<script type=\"application\/ld+json\" class=\"yoast-schema-graph\">{\"@context\":\"https:\\\/\\\/schema.org\",\"@graph\":[{\"@type\":\"WebPage\",\"@id\":\"https:\\\/\\\/tedme.com\\\/educational-events\\\/\",\"url\":\"https:\\\/\\\/tedme.com\\\/educational-events\\\/\",\"name\":\"Bildung interaktiv gestalten mit TEDME - TEDME\",\"isPartOf\":{\"@id\":\"https:\\\/\\\/tedme.com\\\/#website\"},\"primaryImageOfPage\":{\"@id\":\"https:\\\/\\\/tedme.com\\\/educational-events\\\/#primaryimage\"},\"image\":{\"@id\":\"https:\\\/\\\/tedme.com\\\/educational-events\\\/#primaryimage\"},\"thumbnailUrl\":\"https:\\\/\\\/tedme.com\\\/wp-content\\\/uploads\\\/2021\\\/07\\\/Uni.png\",\"datePublished\":\"2021-07-26T08:18:29+00:00\",\"dateModified\":\"2026-04-15T20:06:59+00:00\",\"description\":\"Bringen Sie frischen Wind in die Bildung mit TEDME. Interaktive Umfragen und Spiele f\u00f6rdern das Engagement der Lernenden.\",\"breadcrumb\":{\"@id\":\"https:\\\/\\\/tedme.com\\\/educational-events\\\/#breadcrumb\"},\"inLanguage\":\"en-GB\",\"potentialAction\":[{\"@type\":\"ReadAction\",\"target\":[\"https:\\\/\\\/tedme.com\\\/educational-events\\\/\"]}]},{\"@type\":\"ImageObject\",\"inLanguage\":\"en-GB\",\"@id\":\"https:\\\/\\\/tedme.com\\\/educational-events\\\/#primaryimage\",\"url\":\"https:\\\/\\\/tedme.com\\\/wp-content\\\/uploads\\\/2021\\\/07\\\/Uni.png\",\"contentUrl\":\"https:\\\/\\\/tedme.com\\\/wp-content\\\/uploads\\\/2021\\\/07\\\/Uni.png\"},{\"@type\":\"BreadcrumbList\",\"@id\":\"https:\\\/\\\/tedme.com\\\/educational-events\\\/#breadcrumb\",\"itemListElement\":[{\"@type\":\"ListItem\",\"position\":1,\"name\":\"Home\",\"item\":\"https:\\\/\\\/tedme.com\\\/\"},{\"@type\":\"ListItem\",\"position\":2,\"name\":\"Bildung- und Weiterbildung\"}]},{\"@type\":\"WebSite\",\"@id\":\"https:\\\/\\\/tedme.com\\\/#website\",\"url\":\"https:\\\/\\\/tedme.com\\\/\",\"name\":\"TEDME\",\"description\":\"easy audience interaction &amp; polling\",\"publisher\":{\"@id\":\"https:\\\/\\\/tedme.com\\\/#organization\"},\"potentialAction\":[{\"@type\":\"SearchAction\",\"target\":{\"@type\":\"EntryPoint\",\"urlTemplate\":\"https:\\\/\\\/tedme.com\\\/?s={search_term_string}\"},\"query-input\":{\"@type\":\"PropertyValueSpecification\",\"valueRequired\":true,\"valueName\":\"search_term_string\"}}],\"inLanguage\":\"en-GB\"},{\"@type\":\"Organization\",\"@id\":\"https:\\\/\\\/tedme.com\\\/#organization\",\"name\":\"TEDME\",\"url\":\"https:\\\/\\\/tedme.com\\\/\",\"logo\":{\"@type\":\"ImageObject\",\"inLanguage\":\"en-GB\",\"@id\":\"https:\\\/\\\/tedme.com\\\/#\\\/schema\\\/logo\\\/image\\\/\",\"url\":\"https:\\\/\\\/tedme.com\\\/wp-content\\\/uploads\\\/2021\\\/07\\\/tdy-logo.png\",\"contentUrl\":\"https:\\\/\\\/tedme.com\\\/wp-content\\\/uploads\\\/2021\\\/07\\\/tdy-logo.png\",\"width\":200,\"height\":106,\"caption\":\"TEDME\"},\"image\":{\"@id\":\"https:\\\/\\\/tedme.com\\\/#\\\/schema\\\/logo\\\/image\\\/\"}}]}<\/script>\n<!-- \/ Yoast SEO Premium plugin. -->","yoast_head_json":{"title":"Bildung interaktiv gestalten mit TEDME - TEDME","description":"Bringen Sie frischen Wind in die Bildung mit TEDME. Interaktive Umfragen und Spiele f\u00f6rdern das Engagement der Lernenden.","robots":{"index":"index","follow":"follow","max-snippet":"max-snippet:-1","max-image-preview":"max-image-preview:large","max-video-preview":"max-video-preview:-1"},"canonical":"https:\/\/tedme.com\/en\/educational-events\/","og_locale":"en_GB","og_type":"article","og_title":"Bildung- und Weiterbildung","og_description":"Bringen Sie frischen Wind in die Bildung mit TEDME. Interaktive Umfragen und Spiele f\u00f6rdern das Engagement der Lernenden.","og_url":"https:\/\/tedme.com\/en\/educational-events\/","og_site_name":"TEDME","article_modified_time":"2026-04-15T20:06:59+00:00","og_image":[{"url":"https:\/\/tedme.com\/wp-content\/uploads\/2021\/07\/Uni.png","type":"","width":"","height":""}],"twitter_card":"summary_large_image","schema":{"@context":"https:\/\/schema.org","@graph":[{"@type":"WebPage","@id":"https:\/\/tedme.com\/educational-events\/","url":"https:\/\/tedme.com\/educational-events\/","name":"Bildung interaktiv gestalten mit TEDME - TEDME","isPartOf":{"@id":"https:\/\/tedme.com\/#website"},"primaryImageOfPage":{"@id":"https:\/\/tedme.com\/educational-events\/#primaryimage"},"image":{"@id":"https:\/\/tedme.com\/educational-events\/#primaryimage"},"thumbnailUrl":"https:\/\/tedme.com\/wp-content\/uploads\/2021\/07\/Uni.png","datePublished":"2021-07-26T08:18:29+00:00","dateModified":"2026-04-15T20:06:59+00:00","description":"Bringen Sie frischen Wind in die Bildung mit TEDME. Interaktive Umfragen und Spiele f\u00f6rdern das Engagement der Lernenden.","breadcrumb":{"@id":"https:\/\/tedme.com\/educational-events\/#breadcrumb"},"inLanguage":"en-GB","potentialAction":[{"@type":"ReadAction","target":["https:\/\/tedme.com\/educational-events\/"]}]},{"@type":"ImageObject","inLanguage":"en-GB","@id":"https:\/\/tedme.com\/educational-events\/#primaryimage","url":"https:\/\/tedme.com\/wp-content\/uploads\/2021\/07\/Uni.png","contentUrl":"https:\/\/tedme.com\/wp-content\/uploads\/2021\/07\/Uni.png"},{"@type":"BreadcrumbList","@id":"https:\/\/tedme.com\/educational-events\/#breadcrumb","itemListElement":[{"@type":"ListItem","position":1,"name":"Home","item":"https:\/\/tedme.com\/"},{"@type":"ListItem","position":2,"name":"Bildung- und Weiterbildung"}]},{"@type":"WebSite","@id":"https:\/\/tedme.com\/#website","url":"https:\/\/tedme.com\/","name":"TEDME","description":"easy audience interaction &amp; polling","publisher":{"@id":"https:\/\/tedme.com\/#organization"},"potentialAction":[{"@type":"SearchAction","target":{"@type":"EntryPoint","urlTemplate":"https:\/\/tedme.com\/?s={search_term_string}"},"query-input":{"@type":"PropertyValueSpecification","valueRequired":true,"valueName":"search_term_string"}}],"inLanguage":"en-GB"},{"@type":"Organization","@id":"https:\/\/tedme.com\/#organization","name":"TEDME","url":"https:\/\/tedme.com\/","logo":{"@type":"ImageObject","inLanguage":"en-GB","@id":"https:\/\/tedme.com\/#\/schema\/logo\/image\/","url":"https:\/\/tedme.com\/wp-content\/uploads\/2021\/07\/tdy-logo.png","contentUrl":"https:\/\/tedme.com\/wp-content\/uploads\/2021\/07\/tdy-logo.png","width":200,"height":106,"caption":"TEDME"},"image":{"@id":"https:\/\/tedme.com\/#\/schema\/logo\/image\/"}}]}},"_links":{"self":[{"href":"https:\/\/tedme.com\/en\/wp-json\/wp\/v2\/pages\/435","targetHints":{"allow":["GET"]}}],"collection":[{"href":"https:\/\/tedme.com\/en\/wp-json\/wp\/v2\/pages"}],"about":[{"href":"https:\/\/tedme.com\/en\/wp-json\/wp\/v2\/types\/page"}],"author":[{"embeddable":true,"href":"https:\/\/tedme.com\/en\/wp-json\/wp\/v2\/users\/1"}],"replies":[{"embeddable":true,"href":"https:\/\/tedme.com\/en\/wp-json\/wp\/v2\/comments?post=435"}],"version-history":[{"count":17,"href":"https:\/\/tedme.com\/en\/wp-json\/wp\/v2\/pages\/435\/revisions"}],"predecessor-version":[{"id":4268,"href":"https:\/\/tedme.com\/en\/wp-json\/wp\/v2\/pages\/435\/revisions\/4268"}],"wp:attachment":[{"href":"https:\/\/tedme.com\/en\/wp-json\/wp\/v2\/media?parent=435"}],"curies":[{"name":"wp","href":"https:\/\/api.w.org\/{rel}","templated":true}]}}