{"id":541,"date":"2021-07-27T12:24:11","date_gmt":"2021-07-27T12:24:11","guid":{"rendered":"https:\/\/tedme.com\/?page_id=541"},"modified":"2026-04-16T19:17:21","modified_gmt":"2026-04-16T19:17:21","slug":"management","status":"publish","type":"page","link":"https:\/\/tedme.com\/en\/management\/","title":{"rendered":""},"content":{"rendered":"<div class=\"vce-row-container\"><div class=\"vce-row vce-element--has-background vce-row--col-gap-30 picture-header vce-row-no-paddings vce-row-equal-height vce-row-content--top\" data-vce-full-width=\"true\" data-vce-stretch-content=\"true\" id=\"el-31c3ea56\" data-vce-do-apply=\"all el-31c3ea56\"><div class=\"vce-content-background-container\"><\/div><div class=\"vce-row-content\" data-vce-element-content=\"true\"><div class=\"vce-col vce-col--md-auto vce-col--xs-1 vce-col--xs-last vce-col--xs-first vce-col--sm-last vce-col--sm-first vce-col--md-last vce-col--lg-last vce-col--xl-last vce-col--md-first vce-col--lg-first vce-col--xl-first d-flex align-items-center header-column\" id=\"el-f3f45f5e\"><div class=\"vce-col-inner\" data-vce-do-apply=\"border margin background  el-f3f45f5e\"><div class=\"vce-content-background-container\"><\/div><div class=\"vce-col-content\" data-vce-element-content=\"true\" data-vce-do-apply=\"padding el-f3f45f5e\"><div class=\"vce-raw-html\" id=\"teilnehmer-management-header\"><div class=\"vce-raw-html-wrapper\" id=\"el-7239a701\" data-vce-do-apply=\"all el-7239a701\"><div class=\"d-flex align-items-center justify-content-center\" style=\"width: 100%;flex-wrap:wrap;text-align:center;\">\r\n\t<h1><span class=\"magenta-text\">TEDME<\/span> <span style=\"color: #fff\">Participant management<\/span><\/h1>\r\n\t<img decoding=\"async\" src=\"https:\/\/tedme.com\/wp-content\/uploads\/2021\/07\/tedme_module_teilnehmermanagement_01.png\">\r\n<\/div><\/div><\/div><\/div><\/div><\/div><\/div><\/div><\/div><div class=\"vce-row-container\"><div class=\"vce-row vce-row--col-gap-30 content-section vce-row-equal-height vce-row-content--top\" data-vce-full-width=\"true\" data-vce-stretch-content=\"true\" id=\"el-3a43cc9b\" data-vce-do-apply=\"all el-3a43cc9b\"><div class=\"vce-content-background-container\"><\/div><div class=\"vce-row-content\" data-vce-element-content=\"true\"><div class=\"vce-col vce-col--md-auto vce-col--xs-1 vce-col--xs-last vce-col--xs-first vce-col--sm-last vce-col--sm-first vce-col--md-last vce-col--lg-last vce-col--xl-last vce-col--md-first vce-col--lg-first vce-col--xl-first\" id=\"el-848626d1\"><div class=\"vce-col-inner\" data-vce-do-apply=\"border margin background  el-848626d1\"><div class=\"vce-col-content\" data-vce-element-content=\"true\" data-vce-do-apply=\"padding el-848626d1\"><div class=\"vce-text-block\"><div class=\"vce-text-block-wrapper vce\" id=\"el-29b6808f\" data-vce-do-apply=\"all el-29b6808f\"><h2 style=\"text-align: center;\">Management and invitation of participants (with or without voting rights)<\/h2><\/div><\/div><div class=\"vce-single-image-container vce-single-image--align-center\"><div class=\"vce vce-single-image-wrapper\" id=\"el-ef1b266f\" data-vce-do-apply=\"all el-ef1b266f\"><figure><div class=\"vce-single-image-figure-inner\"><div class=\"vce-single-image-inner vce-single-image--absolute\" style=\"width: 100%;\"><img decoding=\"async\" class=\"vce-single-image\" src=\"https:\/\/tedmecom.aisys13.aisys-media.com\/wp-content\/uploads\/2024\/07\/mgmt.png\" data-img-src=\"https:\/\/tedmecom.aisys13.aisys-media.com\/wp-content\/uploads\/2024\/07\/mgmt.png\" data-attachment-id=\"3378\" alt=\"\" title=\"mgmt\"><\/div><\/div><figcaption hidden=\"\"><\/figcaption><\/figure><\/div><\/div><div class=\"vce-text-block\"><div class=\"vce-text-block-wrapper vce\" id=\"el-18ea233e\" data-vce-do-apply=\"all el-18ea233e\"><p>In participant lists, you can manage the people you want to admit to a session at closed events. Simply import the participants via an Excel spreadsheet. Or you can use the <span style=\"color: #ed1651;\">TEDME<\/span>-questionnaire for your participant registration.<\/p><hr class=\"separator\"><p>You can specify who can attend and who can vote. You can also set up proxies for general meetings and members' meetings and deposit voting shares.<\/p><hr class=\"separator\"><p>About <span style=\"color: #ed1651;\">TEDME<\/span> you can also send the invitations with the individual access codes for an event directly. Alternatively, you can export the list and then send the invitations via your own mailing system or by postal form letter.<\/p><\/div><\/div><\/div><\/div><\/div><\/div><\/div><\/div><div class=\"vce-row-container\"><div class=\"vce-row vce-row--col-gap-30 content-section gradient-background-2 vce-row-no-paddings vce-row-equal-height vce-row-content--top\" data-vce-full-width=\"true\" data-vce-stretch-content=\"true\" id=\"el-1deb0619\" data-vce-do-apply=\"all el-1deb0619\"><div class=\"vce-content-background-container\"><\/div><div class=\"vce-row-content\" data-vce-element-content=\"true\"><div class=\"vce-col vce-col--md-auto vce-col--xs-1 vce-col--xs-last vce-col--xs-first vce-col--sm-last vce-col--sm-first vce-col--md-last vce-col--lg-last vce-col--xl-last vce-col--md-first vce-col--lg-first vce-col--xl-first\" id=\"el-d439d344\"><div class=\"vce-col-inner\" data-vce-do-apply=\"border margin background  el-d439d344\"><div class=\"vce-col-content\" data-vce-element-content=\"true\" data-vce-do-apply=\"padding el-d439d344\"><div class=\"vce-text-block\"><div class=\"vce-text-block-wrapper vce\" id=\"el-8c2708f2\" data-vce-do-apply=\"all el-8c2708f2\"><p class=\"h3-text\" style=\"text-align: center;\">Invite participants in participant management<\/p><\/div><\/div><div class=\"vce-row-container\" data-vce-boxed-width=\"true\"><div class=\"vce-row vce-row--col-gap-30 content-section-columns vce-row-equal-height vce-row-content--top\" id=\"el-7b39d513\" data-vce-do-apply=\"all el-7b39d513\"><div class=\"vce-row-content\" data-vce-element-content=\"true\"><div class=\"vce-col vce-col--md-auto vce-col--xs-1 vce-col--xs-last vce-col--xs-first vce-col--sm-last vce-col--sm-first vce-col--md-first vce-col--lg-first vce-col--xl-first\" id=\"el-96a652f0\"><div class=\"vce-col-inner\" data-vce-do-apply=\"border margin background  el-96a652f0\"><div class=\"vce-col-content\" data-vce-element-content=\"true\" data-vce-do-apply=\"padding el-96a652f0\"><div class=\"vce-single-image-container medium-image vce-single-image--align-center\"><div class=\"vce vce-single-image-wrapper\" id=\"el-285d7493\" data-vce-do-apply=\"all el-285d7493\"><figure><div class=\"vce-single-image-figure-inner\"><div class=\"vce-single-image-inner vce-single-image--absolute\" style=\"width: 100%;\"><img decoding=\"async\" class=\"vce-single-image\" src=\"https:\/\/tedmecom.aisys13.aisys-media.com\/wp-content\/uploads\/2024\/07\/Maileditor-2.png\" data-img-src=\"https:\/\/tedmecom.aisys13.aisys-media.com\/wp-content\/uploads\/2024\/07\/Maileditor-2.png\" data-attachment-id=\"3534\" alt=\"\" title=\"Mail editor-2\"><\/div><\/div><figcaption hidden=\"\"><\/figcaption><\/figure><\/div><\/div><\/div><\/div><\/div><div class=\"vce-col vce-col--md-auto vce-col--xs-1 vce-col--xs-last vce-col--xs-first vce-col--sm-last vce-col--sm-first vce-col--md-last vce-col--lg-last vce-col--xl-last\" id=\"el-9d9c89df\"><div class=\"vce-col-inner\" data-vce-do-apply=\"border margin background  el-9d9c89df\"><div class=\"vce-col-content\" data-vce-element-content=\"true\" data-vce-do-apply=\"padding el-9d9c89df\"><div class=\"vce-text-block\"><div class=\"vce-text-block-wrapper vce\" id=\"el-8dc151e9\" data-vce-do-apply=\"all el-8dc151e9\"><ul><li aria-level=\"1\">Simply create a customised invitation text with a WYSIWYG editor<\/li><li aria-level=\"1\">Conveniently send invitations with a personalised voting pin at the touch of a button.<\/li><li aria-level=\"1\">Send reminder e-mails<\/li><\/ul><\/div><\/div><\/div><\/div><\/div><\/div><\/div><\/div><\/div><\/div><\/div><\/div><\/div><\/div><div class=\"vce-row-container\"><div class=\"vce-row vce-row--col-gap-30 content-section vce-row-no-paddings vce-row-equal-height vce-row-content--top\" data-vce-full-width=\"true\" data-vce-stretch-content=\"true\" id=\"el-5f7e03b2\" data-vce-do-apply=\"all el-5f7e03b2\"><div class=\"vce-content-background-container\"><\/div><div class=\"vce-row-content\" data-vce-element-content=\"true\"><div class=\"vce-col vce-col--md-auto vce-col--xs-1 vce-col--xs-last vce-col--xs-first vce-col--sm-last vce-col--sm-first vce-col--md-last vce-col--lg-last vce-col--xl-last vce-col--md-first vce-col--lg-first vce-col--xl-first\" id=\"el-af46db78\"><div class=\"vce-col-inner\" data-vce-do-apply=\"border margin background  el-af46db78\"><div class=\"vce-col-content\" data-vce-element-content=\"true\" data-vce-do-apply=\"padding el-af46db78\"><div class=\"vce-text-block\"><div class=\"vce-text-block-wrapper vce\" id=\"el-c19c6df6\" data-vce-do-apply=\"all el-c19c6df6\"><p class=\"h3-text\" style=\"text-align: center;\">You use a participant management system for this<\/p><p>Participant management is part of the <span style=\"color: #ed1651;\">TEDME<\/span>-Authent module and is used whenever you want to control access to an event, a poll or an election.<\/p><\/div><\/div><div class=\"vce-single-image-container vce-single-image--align-center\"><div class=\"vce vce-single-image-wrapper\" id=\"el-46c23c2f\" data-vce-do-apply=\"all el-46c23c2f\"><figure><div class=\"vce-single-image-figure-inner\"><div class=\"vce-single-image-inner vce-single-image--absolute\" style=\"width: 100%;\"><img decoding=\"async\" class=\"vce-single-image\" src=\"https:\/\/tedmecom.aisys13.aisys-media.com\/wp-content\/uploads\/2024\/05\/Wortwolke.png\" data-img-src=\"https:\/\/tedmecom.aisys13.aisys-media.com\/wp-content\/uploads\/2024\/05\/Wortwolke.png\" data-attachment-id=\"3029\" alt=\"\" title=\"Word cloud\"><\/div><\/div><figcaption hidden=\"\"><\/figcaption><\/figure><\/div><\/div><\/div><\/div><\/div><\/div><\/div><\/div><div class=\"vce-row-container\"><div class=\"vce-row vce-row--col-gap-30 content-section gradient-background-2 vce-row-no-paddings vce-row-equal-height vce-row-content--top\" data-vce-full-width=\"true\" data-vce-stretch-content=\"true\" id=\"el-4f93cf1e\" data-vce-do-apply=\"all el-4f93cf1e\"><div class=\"vce-content-background-container\"><\/div><div class=\"vce-row-content\" data-vce-element-content=\"true\"><div class=\"vce-col vce-col--md-auto vce-col--xs-1 vce-col--xs-last vce-col--xs-first vce-col--sm-last vce-col--sm-first vce-col--md-last vce-col--lg-last vce-col--xl-last vce-col--md-first vce-col--lg-first vce-col--xl-first\" id=\"el-df027c6c\"><div class=\"vce-col-inner\" data-vce-do-apply=\"border margin background  el-df027c6c\"><div class=\"vce-col-content\" data-vce-element-content=\"true\" data-vce-do-apply=\"padding el-df027c6c\"><div class=\"vce-text-block\"><div class=\"vce-text-block-wrapper vce\" id=\"el-623cd2f1\" data-vce-do-apply=\"all el-623cd2f1\"><p class=\"h3-text\" style=\"text-align: center;\">Participant management from <span style=\"color: #ed1651;\">TEDME<\/span> in use<\/p><\/div><\/div><div class=\"vce-row-container\" data-vce-boxed-width=\"true\"><div class=\"vce-row vce-row--col-gap-30 content-section-columns vce-row-equal-height vce-row-content--top\" id=\"el-4856e6d8\" data-vce-do-apply=\"all el-4856e6d8\"><div class=\"vce-row-content\" data-vce-element-content=\"true\"><div class=\"vce-col vce-col--md-auto vce-col--xs-1 vce-col--xs-last vce-col--xs-first vce-col--sm-last vce-col--sm-first vce-col--md-first vce-col--lg-first vce-col--xl-first\" id=\"el-d09bdee9\"><div class=\"vce-col-inner\" data-vce-do-apply=\"border margin background  el-d09bdee9\"><div class=\"vce-col-content\" data-vce-element-content=\"true\" data-vce-do-apply=\"padding el-d09bdee9\"><div class=\"vce-text-block\"><div class=\"vce-text-block-wrapper vce\" id=\"el-4f472df0\" data-vce-do-apply=\"all el-4f472df0\"><p style=\"text-align: center;\"><strong><span style=\"color: #ed1651;\">TEDME<\/span>-Auth <br>Brief introduction<\/strong><\/p><\/div><\/div><div class=\"vce-raw-html\"><div class=\"vce-raw-html-wrapper\" id=\"el-c6a66757\" data-vce-do-apply=\"all el-c6a66757\"><div class=\"video-wrapper\">\r\n<div class=\"tedme-video\" data-embed=\"https:\/\/assets.tedme.com\/videos\/Trailer\/TEDME_Auth_Kurzvorstellung.mp4\">\r\n<div class=\"play-button\"><\/div>\r\n<div class=\"video-thumbnail\">\r\n\t<img decoding=\"async\" src=\"https:\/\/dev.tedme.com\/wp-content\/uploads\/2025\/09\/authfull-1.png\" alt=\"video-thumbnail\">\r\n<\/div>\r\n<\/div>\r\n<\/div><\/div><\/div><\/div><\/div><\/div><div class=\"vce-col vce-col--md-auto vce-col--xs-1 vce-col--xs-last vce-col--xs-first vce-col--sm-last vce-col--sm-first\" id=\"el-71e271d1\"><div class=\"vce-col-inner\" data-vce-do-apply=\"border margin background  el-71e271d1\"><div class=\"vce-col-content\" data-vce-element-content=\"true\" data-vce-do-apply=\"padding el-71e271d1\"><div class=\"vce-text-block\"><div class=\"vce-text-block-wrapper vce\" id=\"el-4c29f2ba\" data-vce-do-apply=\"all el-4c29f2ba\"><p style=\"text-align: center;\"><strong><span style=\"color: #000000;\">Asynchronous elections<br>over a longer period of time<br><\/span><\/strong><\/p><\/div><\/div><div class=\"vce-raw-html\"><div class=\"vce-raw-html-wrapper\" id=\"el-ab685ae2\" data-vce-do-apply=\"all el-ab685ae2\"><div class=\"video-wrapper\">\r\n<div class=\"tedme-video\" data-embed=\"https:\/\/assets.tedme.com\/videos\/tutorials\/AsynchroneWahlen.mp4\">\r\n<div class=\"play-button\"><\/div>\r\n<div class=\"video-thumbnail\">\r\n\t<img decoding=\"async\" src=\"https:\/\/dev.tedme.com\/wp-content\/uploads\/2025\/09\/authfull.png\" alt=\"video-thumbnail\">\r\n<\/div>\r\n<\/div>\r\n<\/div><\/div><\/div><\/div><\/div><\/div><div class=\"vce-col vce-col--md-auto vce-col--xs-1 vce-col--xs-last vce-col--xs-first vce-col--sm-last vce-col--sm-first vce-col--md-last vce-col--lg-last vce-col--xl-last\" id=\"el-4942b797\"><div class=\"vce-col-inner\" data-vce-do-apply=\"border margin background  el-4942b797\"><div class=\"vce-col-content\" data-vce-element-content=\"true\" data-vce-do-apply=\"padding el-4942b797\"><div class=\"vcv-row-control-wrapper\"><\/div><\/div><\/div><\/div><\/div><\/div><\/div><\/div><\/div><\/div><\/div><\/div><\/div><div class=\"vce-row-container\"><div class=\"vce-row vce-element--has-background vce-row--col-gap-30 content-section vce-row-no-paddings vce-row-equal-height vce-row-content--top\" data-vce-full-width=\"true\" data-vce-stretch-content=\"true\" id=\"el-c6709ce7\" data-vce-do-apply=\"all el-c6709ce7\"><div class=\"vce-content-background-container\"><\/div><div class=\"vce-row-content\" data-vce-element-content=\"true\"><div class=\"vce-col vce-col--md-auto vce-col--xs-1 vce-col--xs-last vce-col--xs-first vce-col--sm-last vce-col--sm-first vce-col--md-last vce-col--lg-last vce-col--xl-last vce-col--md-first vce-col--lg-first vce-col--xl-first\" id=\"el-a8b45e57\"><div class=\"vce-col-inner\" data-vce-do-apply=\"border margin background  el-a8b45e57\"><div class=\"vce-col-content\" data-vce-element-content=\"true\" data-vce-do-apply=\"padding el-a8b45e57\"><div class=\"vce-text-block\"><div class=\"vce-text-block-wrapper vce\" id=\"el-7f9e2ee9\" data-vce-do-apply=\"all el-7f9e2ee9\"><p class=\"h3-text\" style=\"text-align: center;\"><span style=\"color: #ffffff;\">Do you have any further questions?<\/span><\/p><p style=\"text-align: center;\"><a class=\"btn-tdy\" href=\"\/en\/contact\/\">CONTACT<\/a><\/p><\/div><\/div><\/div><\/div><\/div><\/div><\/div><\/div>","protected":false},"excerpt":{"rendered":"<p>TEDME Teilnehmermanagement Verwaltung und Einladung von Teilnehmern (mit oder ohne Stimmrechte)In Teilnehmerlisten k\u00f6nnen Sie die Personen verwalten, die Sie bei geschlossenen Veranstaltungen f\u00fcr eine Sitzung zulassen wollen. Importieren Sie einfach die Teilnehmer \u00fcber eine Excel-Tabelle. Oder Sie nutzen den TEDME-Fragebogen f\u00fcr Ihre Teilnehmerregistrierung.Sie k\u00f6nnen festlegen, wer teilnehmen und wer abstimmen darf. Au\u00dferdem k\u00f6nnen Sie f\u00fcr [&hellip;]<\/p>\n","protected":false},"author":1,"featured_media":0,"parent":0,"menu_order":0,"comment_status":"closed","ping_status":"closed","template":"","meta":{"footnotes":""},"class_list":["post-541","page","type-page","status-publish","hentry"],"yoast_head":"<!-- This site is optimized with the Yoast SEO Premium plugin v27.3 (Yoast SEO v27.3) - https:\/\/yoast.com\/product\/yoast-seo-premium-wordpress\/ -->\n<title>Teilnehmermanagement - TEDME<\/title>\n<meta name=\"description\" content=\"Optimieren Sie Ihr Teilnehmermanagement mit TEDME. Verwalten Sie Einladungen und Zugriff f\u00fcr geschlossene Veranstaltungen effizient.\" \/>\n<meta name=\"robots\" content=\"index, follow, max-snippet:-1, max-image-preview:large, max-video-preview:-1\" \/>\n<link rel=\"canonical\" href=\"https:\/\/tedme.com\/en\/management\/\" \/>\n<meta property=\"og:locale\" content=\"en_GB\" \/>\n<meta property=\"og:type\" content=\"article\" \/>\n<meta property=\"og:title\" content=\"Teilnehmermanagement\" \/>\n<meta property=\"og:description\" content=\"Optimieren Sie Ihr Teilnehmermanagement mit TEDME. Verwalten Sie Einladungen und Zugriff f\u00fcr geschlossene Veranstaltungen effizient.\" \/>\n<meta property=\"og:url\" content=\"https:\/\/tedme.com\/en\/management\/\" \/>\n<meta property=\"og:site_name\" content=\"TEDME\" \/>\n<meta property=\"article:modified_time\" content=\"2026-04-16T19:17:21+00:00\" \/>\n<meta property=\"og:image\" content=\"https:\/\/tedme.com\/wp-content\/uploads\/2021\/07\/tedme_module_teilnehmermanagement_01.png\" \/>\n<meta name=\"twitter:card\" content=\"summary_large_image\" \/>\n<meta name=\"twitter:label1\" content=\"Estimated reading time\" \/>\n\t<meta name=\"twitter:data1\" content=\"1 minute\" \/>\n<script type=\"application\/ld+json\" class=\"yoast-schema-graph\">{\"@context\":\"https:\\\/\\\/schema.org\",\"@graph\":[{\"@type\":\"WebPage\",\"@id\":\"https:\\\/\\\/tedme.com\\\/management\\\/\",\"url\":\"https:\\\/\\\/tedme.com\\\/management\\\/\",\"name\":\"Teilnehmermanagement - TEDME\",\"isPartOf\":{\"@id\":\"https:\\\/\\\/tedme.com\\\/#website\"},\"primaryImageOfPage\":{\"@id\":\"https:\\\/\\\/tedme.com\\\/management\\\/#primaryimage\"},\"image\":{\"@id\":\"https:\\\/\\\/tedme.com\\\/management\\\/#primaryimage\"},\"thumbnailUrl\":\"https:\\\/\\\/tedme.com\\\/wp-content\\\/uploads\\\/2021\\\/07\\\/tedme_module_teilnehmermanagement_01.png\",\"datePublished\":\"2021-07-27T12:24:11+00:00\",\"dateModified\":\"2026-04-16T19:17:21+00:00\",\"description\":\"Optimieren Sie Ihr Teilnehmermanagement mit TEDME. Verwalten Sie Einladungen und Zugriff f\u00fcr geschlossene Veranstaltungen effizient.\",\"breadcrumb\":{\"@id\":\"https:\\\/\\\/tedme.com\\\/management\\\/#breadcrumb\"},\"inLanguage\":\"en-GB\",\"potentialAction\":[{\"@type\":\"ReadAction\",\"target\":[\"https:\\\/\\\/tedme.com\\\/management\\\/\"]}]},{\"@type\":\"ImageObject\",\"inLanguage\":\"en-GB\",\"@id\":\"https:\\\/\\\/tedme.com\\\/management\\\/#primaryimage\",\"url\":\"https:\\\/\\\/tedme.com\\\/wp-content\\\/uploads\\\/2021\\\/07\\\/tedme_module_teilnehmermanagement_01.png\",\"contentUrl\":\"https:\\\/\\\/tedme.com\\\/wp-content\\\/uploads\\\/2021\\\/07\\\/tedme_module_teilnehmermanagement_01.png\"},{\"@type\":\"BreadcrumbList\",\"@id\":\"https:\\\/\\\/tedme.com\\\/management\\\/#breadcrumb\",\"itemListElement\":[{\"@type\":\"ListItem\",\"position\":1,\"name\":\"Home\",\"item\":\"https:\\\/\\\/tedme.com\\\/\"},{\"@type\":\"ListItem\",\"position\":2,\"name\":\"Teilnehmermanagement\"}]},{\"@type\":\"WebSite\",\"@id\":\"https:\\\/\\\/tedme.com\\\/#website\",\"url\":\"https:\\\/\\\/tedme.com\\\/\",\"name\":\"TEDME\",\"description\":\"easy audience interaction &amp; polling\",\"publisher\":{\"@id\":\"https:\\\/\\\/tedme.com\\\/#organization\"},\"potentialAction\":[{\"@type\":\"SearchAction\",\"target\":{\"@type\":\"EntryPoint\",\"urlTemplate\":\"https:\\\/\\\/tedme.com\\\/?s={search_term_string}\"},\"query-input\":{\"@type\":\"PropertyValueSpecification\",\"valueRequired\":true,\"valueName\":\"search_term_string\"}}],\"inLanguage\":\"en-GB\"},{\"@type\":\"Organization\",\"@id\":\"https:\\\/\\\/tedme.com\\\/#organization\",\"name\":\"TEDME\",\"url\":\"https:\\\/\\\/tedme.com\\\/\",\"logo\":{\"@type\":\"ImageObject\",\"inLanguage\":\"en-GB\",\"@id\":\"https:\\\/\\\/tedme.com\\\/#\\\/schema\\\/logo\\\/image\\\/\",\"url\":\"https:\\\/\\\/tedme.com\\\/wp-content\\\/uploads\\\/2021\\\/07\\\/tdy-logo.png\",\"contentUrl\":\"https:\\\/\\\/tedme.com\\\/wp-content\\\/uploads\\\/2021\\\/07\\\/tdy-logo.png\",\"width\":200,\"height\":106,\"caption\":\"TEDME\"},\"image\":{\"@id\":\"https:\\\/\\\/tedme.com\\\/#\\\/schema\\\/logo\\\/image\\\/\"}}]}<\/script>\n<!-- \/ Yoast SEO Premium plugin. -->","yoast_head_json":{"title":"Participant management - TEDME","description":"Optimieren Sie Ihr Teilnehmermanagement mit TEDME. Verwalten Sie Einladungen und Zugriff f\u00fcr geschlossene Veranstaltungen effizient.","robots":{"index":"index","follow":"follow","max-snippet":"max-snippet:-1","max-image-preview":"max-image-preview:large","max-video-preview":"max-video-preview:-1"},"canonical":"https:\/\/tedme.com\/en\/management\/","og_locale":"en_GB","og_type":"article","og_title":"Teilnehmermanagement","og_description":"Optimieren Sie Ihr Teilnehmermanagement mit TEDME. Verwalten Sie Einladungen und Zugriff f\u00fcr geschlossene Veranstaltungen effizient.","og_url":"https:\/\/tedme.com\/en\/management\/","og_site_name":"TEDME","article_modified_time":"2026-04-16T19:17:21+00:00","og_image":[{"url":"https:\/\/tedme.com\/wp-content\/uploads\/2021\/07\/tedme_module_teilnehmermanagement_01.png","type":"","width":"","height":""}],"twitter_card":"summary_large_image","twitter_misc":{"Estimated reading time":"1 minute"},"schema":{"@context":"https:\/\/schema.org","@graph":[{"@type":"WebPage","@id":"https:\/\/tedme.com\/management\/","url":"https:\/\/tedme.com\/management\/","name":"Participant management - TEDME","isPartOf":{"@id":"https:\/\/tedme.com\/#website"},"primaryImageOfPage":{"@id":"https:\/\/tedme.com\/management\/#primaryimage"},"image":{"@id":"https:\/\/tedme.com\/management\/#primaryimage"},"thumbnailUrl":"https:\/\/tedme.com\/wp-content\/uploads\/2021\/07\/tedme_module_teilnehmermanagement_01.png","datePublished":"2021-07-27T12:24:11+00:00","dateModified":"2026-04-16T19:17:21+00:00","description":"Optimieren Sie Ihr Teilnehmermanagement mit TEDME. Verwalten Sie Einladungen und Zugriff f\u00fcr geschlossene Veranstaltungen effizient.","breadcrumb":{"@id":"https:\/\/tedme.com\/management\/#breadcrumb"},"inLanguage":"en-GB","potentialAction":[{"@type":"ReadAction","target":["https:\/\/tedme.com\/management\/"]}]},{"@type":"ImageObject","inLanguage":"en-GB","@id":"https:\/\/tedme.com\/management\/#primaryimage","url":"https:\/\/tedme.com\/wp-content\/uploads\/2021\/07\/tedme_module_teilnehmermanagement_01.png","contentUrl":"https:\/\/tedme.com\/wp-content\/uploads\/2021\/07\/tedme_module_teilnehmermanagement_01.png"},{"@type":"BreadcrumbList","@id":"https:\/\/tedme.com\/management\/#breadcrumb","itemListElement":[{"@type":"ListItem","position":1,"name":"Home","item":"https:\/\/tedme.com\/"},{"@type":"ListItem","position":2,"name":"Teilnehmermanagement"}]},{"@type":"WebSite","@id":"https:\/\/tedme.com\/#website","url":"https:\/\/tedme.com\/","name":"TEDME","description":"easy audience interaction &amp; polling","publisher":{"@id":"https:\/\/tedme.com\/#organization"},"potentialAction":[{"@type":"SearchAction","target":{"@type":"EntryPoint","urlTemplate":"https:\/\/tedme.com\/?s={search_term_string}"},"query-input":{"@type":"PropertyValueSpecification","valueRequired":true,"valueName":"search_term_string"}}],"inLanguage":"en-GB"},{"@type":"Organization","@id":"https:\/\/tedme.com\/#organization","name":"TEDME","url":"https:\/\/tedme.com\/","logo":{"@type":"ImageObject","inLanguage":"en-GB","@id":"https:\/\/tedme.com\/#\/schema\/logo\/image\/","url":"https:\/\/tedme.com\/wp-content\/uploads\/2021\/07\/tdy-logo.png","contentUrl":"https:\/\/tedme.com\/wp-content\/uploads\/2021\/07\/tdy-logo.png","width":200,"height":106,"caption":"TEDME"},"image":{"@id":"https:\/\/tedme.com\/#\/schema\/logo\/image\/"}}]}},"_links":{"self":[{"href":"https:\/\/tedme.com\/en\/wp-json\/wp\/v2\/pages\/541","targetHints":{"allow":["GET"]}}],"collection":[{"href":"https:\/\/tedme.com\/en\/wp-json\/wp\/v2\/pages"}],"about":[{"href":"https:\/\/tedme.com\/en\/wp-json\/wp\/v2\/types\/page"}],"author":[{"embeddable":true,"href":"https:\/\/tedme.com\/en\/wp-json\/wp\/v2\/users\/1"}],"replies":[{"embeddable":true,"href":"https:\/\/tedme.com\/en\/wp-json\/wp\/v2\/comments?post=541"}],"version-history":[{"count":30,"href":"https:\/\/tedme.com\/en\/wp-json\/wp\/v2\/pages\/541\/revisions"}],"predecessor-version":[{"id":4329,"href":"https:\/\/tedme.com\/en\/wp-json\/wp\/v2\/pages\/541\/revisions\/4329"}],"wp:attachment":[{"href":"https:\/\/tedme.com\/en\/wp-json\/wp\/v2\/media?parent=541"}],"curies":[{"name":"wp","href":"https:\/\/api.w.org\/{rel}","templated":true}]}}