{"id":624,"date":"2021-07-29T13:49:12","date_gmt":"2021-07-29T13:49:12","guid":{"rendered":"https:\/\/tedme.com\/?page_id=624"},"modified":"2026-03-12T12:36:50","modified_gmt":"2026-03-12T12:36:50","slug":"coaches","status":"publish","type":"page","link":"https:\/\/tedme.com\/en\/coaches\/","title":{"rendered":""},"content":{"rendered":"<div class=\"vce-row-container\">\r\n<div id=\"el-2126cae4\" class=\"vce-row vce-element--has-background vce-row--col-gap-30 header-column vce-row-no-paddings vce-row-equal-height vce-row-content--top\" data-vce-full-width=\"true\" data-vce-stretch-content=\"true\" data-vce-do-apply=\"all el-2126cae4\">\r\n<div class=\"vce-content-background-container\">\r\n<div class=\"vce-asset-background-simple-container vce-visible-all-only vce-asset-background-simple--style-cover vce-asset-background-simple--position-center-top\">\r\n<div class=\"vce-asset-background-simple\">\r\n<div class=\"vce-asset-background-simple-item vcv-lozad\" data-background-image=\"https:\/\/tedme.com\/wp-content\/uploads\/2021\/07\/tedme_zielgruppen_trainer_02.jpg\">\u00a0<\/div>\r\n<noscript>\r\n                <div class=\"vce-asset-background-simple-item\" style=\"background-image: url(https:\/\/tedme.com\/wp-content\/uploads\/2021\/07\/tedme_zielgruppen_trainer_02.jpg)\"><\/div>\r\n              <\/noscript><\/div>\r\n<\/div>\r\n<\/div>\r\n<div class=\"vce-row-content\" data-vce-element-content=\"true\">\r\n<div id=\"el-f2d5831d\" class=\"vce-col vce-col--md-auto vce-col--xs-1 vce-col--xs-last vce-col--xs-first vce-col--sm-last vce-col--sm-first vce-col--md-last vce-col--lg-last vce-col--xl-last vce-col--md-first vce-col--lg-first vce-col--xl-first\">\r\n<div class=\"vce-col-inner\" data-vce-do-apply=\"border margin background  el-f2d5831d\">\r\n<div class=\"vce-col-content\" data-vce-element-content=\"true\" data-vce-do-apply=\"padding el-f2d5831d\">\r\n<div class=\"vce-text-block header-column\">\r\n<div id=\"el-412c7460\" class=\"vce-text-block-wrapper vce\" data-vce-do-apply=\"all el-412c7460\">\r\n<h1 style=\"text-align: center; color: #fff;\"><span style=\"color: #ed1651;\">TEDME<\/span> f\u00fcr Trainer \/ Coaches<\/h1>\r\n<\/div>\r\n<\/div>\r\n<\/div>\r\n<\/div>\r\n<\/div>\r\n<\/div>\r\n<\/div>\r\n<\/div>\r\n\r\n<div class=\"vce-row-container\">\r\n<div id=\"el-4cfd3fe4\" class=\"vce-row vce-row--col-gap-30 content-section-2 vce-row-equal-height vce-row-content--top\" data-vce-full-width=\"true\" data-vce-stretch-content=\"true\" data-vce-do-apply=\"all el-4cfd3fe4\">\r\n<div class=\"vce-content-background-container\">\u00a0<\/div>\r\n<div class=\"vce-row-content\" data-vce-element-content=\"true\">\r\n<div id=\"el-1c85c5f9\" class=\"vce-col vce-col--md-auto vce-col--xs-1 vce-col--xs-last vce-col--xs-first vce-col--sm-last vce-col--sm-first vce-col--md-last vce-col--lg-last vce-col--xl-last vce-col--md-first vce-col--lg-first vce-col--xl-first\">\r\n<div class=\"vce-col-inner\" data-vce-do-apply=\"border margin background  el-1c85c5f9\">\r\n<div class=\"vce-content-background-container\">\u00a0<\/div>\r\n<div class=\"vce-col-content\" data-vce-element-content=\"true\" data-vce-do-apply=\"padding el-1c85c5f9\">\r\n<div class=\"vce-text-block\">\r\n<div id=\"el-c73a74c4\" class=\"vce-text-block-wrapper vce\" data-vce-do-apply=\"all el-c73a74c4\">\r\n<h2 style=\"text-align: center;\">F\u00fcr <span style=\"color: #ed1651;\">effektivere<\/span> and <span style=\"color: #ed1651;\">spannendere<\/span> Schulungen- online, offline oder hybrid<\/h2>\r\n<\/div>\r\n<\/div>\r\n\r\n<div class=\"vce-row-container\">\r\n<div id=\"el-73273171\" class=\"vce-row vce-row--col-gap-30 content-section vce-row-equal-height vce-row-content--top\" data-vce-full-width=\"true\" data-vce-stretch-content=\"true\" data-vce-do-apply=\"all el-73273171\">\r\n<div class=\"vce-content-background-container\">\u00a0<\/div>\r\n<div class=\"vce-row-content\" data-vce-element-content=\"true\">\r\n<div id=\"el-37ea61c1\" class=\"vce-col vce-col--md-auto vce-col--xs-1 vce-col--xs-last vce-col--xs-first vce-col--sm-last vce-col--sm-first vce-col--md-first vce-col--lg-first vce-col--xl-first\">\r\n<div class=\"vce-col-inner\" data-vce-do-apply=\"border margin background  el-37ea61c1\">\r\n<div class=\"vce-content-background-container\">\u00a0<\/div>\r\n<div class=\"vce-col-content\" data-vce-element-content=\"true\" data-vce-do-apply=\"padding el-37ea61c1\">\r\n<div class=\"vce-text-block\">\r\n<div id=\"el-6e3db949\" class=\"vce-text-block-wrapper vce\" data-vce-do-apply=\"all el-6e3db949\">\r\n<p>Gesch\u00e4tzt gibt es derzeit fast 8000 Coaches in Deutschland \u2013 und viele weitere, wie zum Beispiel selbstst\u00e4ndige Life-Coaches, die nicht mit eingerechnet sind. Jeder einzelne von ihnen coacht auf eine andere und seine eigene Art und Weise. Und f\u00fcr alle gibt es <span style=\"color: #ed1651;\">TEDME<\/span>.<\/p>\r\n<\/div>\r\n<\/div>\r\n<\/div>\r\n<\/div>\r\n<\/div>\r\n\r\n<div id=\"el-16c382bc\" class=\"vce-col vce-col--md-auto vce-col--xs-1 vce-col--xs-last vce-col--xs-first vce-col--sm-last vce-col--sm-first vce-col--md-last vce-col--lg-last vce-col--xl-last\">\r\n<div class=\"vce-col-inner\" data-vce-do-apply=\"border margin background  el-16c382bc\">\r\n<div class=\"vce-col-content\" data-vce-element-content=\"true\" data-vce-do-apply=\"padding el-16c382bc\">\r\n<div class=\"vce-text-block info-text-box\">\r\n<div id=\"el-3fdf5385\" class=\"vce-text-block-wrapper vce\" data-vce-do-apply=\"all el-3fdf5385\">\r\n<h3>Was ist <span style=\"color: #ed1651;\">TEDME<\/span>?<\/h3>\r\n<p><br \/><span style=\"color: #ed1651;\">TEDME<\/span> ist ein interaktives Pr\u00e4sentationstool, das jeden Workshop aufpeppt und keinen zus\u00e4tzlichen Aufwand bedeutet:<\/p>\r\n<ul class=\"fa-ul\">\r\n<li><i class=\"fa-li fa fa-arrow-right text-tdy2\"><\/i>24h und 365 Tage im Jahr verf\u00fcgbar<\/li>\r\n<\/ul>\r\n<ul class=\"fa-ul\">\r\n<li><i class=\"fa-li fa fa-arrow-right text-tdy2\"><\/i>Kein Setup<\/li>\r\n<\/ul>\r\n<ul class=\"fa-ul\">\r\n<li><i class=\"fa-li fa fa-arrow-right text-tdy2\"><\/i>Keine Installationskosten<\/li>\r\n<\/ul>\r\n<ul class=\"fa-ul\">\r\n<li><i class=\"fa-li fa fa-arrow-right text-tdy2\"><\/i>Kein Zeitverlust<\/li>\r\n<\/ul>\r\n<\/div>\r\n<\/div>\r\n<\/div>\r\n<\/div>\r\n<\/div>\r\n<\/div>\r\n<\/div>\r\n<\/div>\r\n<\/div>\r\n<\/div>\r\n<\/div>\r\n<\/div>\r\n<\/div>\r\n<\/div>\r\n\r\n<div class=\"vce-row-container\">\r\n<div id=\"el-cef960c1\" class=\"vce-row vce-element--has-background vce-row--col-gap-30 content-section vce-row-no-paddings vce-row-equal-height vce-row-content--top\" data-vce-full-width=\"true\" data-vce-stretch-content=\"true\" data-vce-do-apply=\"all el-cef960c1\">\r\n<div class=\"vce-content-background-container\">\r\n<div class=\"vce-asset-background-simple-container vce-visible-all-only vce-asset-background-simple--style-cover vce-asset-background-simple--position-center-top\">\r\n<div class=\"vce-asset-background-simple\">\r\n<div class=\"vce-asset-background-simple-item vcv-lozad\" data-background-image=\"https:\/\/tedme.com\/wp-content\/uploads\/2021\/07\/bg.jpg\">\u00a0<\/div>\r\n<noscript>\r\n                <div class=\"vce-asset-background-simple-item\" style=\"background-image: url(https:\/\/tedme.com\/wp-content\/uploads\/2021\/07\/bg.jpg)\"><\/div>\r\n              <\/noscript><\/div>\r\n<\/div>\r\n<\/div>\r\n<div class=\"vce-row-content\" data-vce-element-content=\"true\">\r\n<div id=\"el-6afedfcf\" class=\"vce-col vce-col--md-20p vce-col--xs-1 vce-col--xs-last vce-col--xs-first vce-col--sm-last vce-col--sm-first vce-col--md-first vce-col--lg-first vce-col--xl-first\">\r\n<div class=\"vce-col-inner\" data-vce-do-apply=\"border margin background  el-6afedfcf\">\r\n<div class=\"vce-col-content\" data-vce-element-content=\"true\" data-vce-do-apply=\"padding el-6afedfcf\">\r\n<div>\u00a0<\/div>\r\n<\/div>\r\n<\/div>\r\n<\/div>\r\n\r\n<div id=\"el-a6beec9b\" class=\"vce-col vce-col--md-60p vce-col--xs-1 vce-col--xs-last vce-col--xs-first vce-col--sm-last vce-col--sm-first\">\r\n<div class=\"vce-col-inner\" data-vce-do-apply=\"border margin background  el-a6beec9b\">\r\n<div class=\"vce-col-content\" data-vce-element-content=\"true\" data-vce-do-apply=\"padding el-a6beec9b\">\r\n<div class=\"vce-text-block\">\r\n<div id=\"el-3ec70f47\" class=\"vce-text-block-wrapper vce\" data-vce-do-apply=\"all el-3ec70f47\">\r\n<h3>Why is <span style=\"color: #ed1651;\">TEDME<\/span> wie gemacht f\u00fcr Trainings und Coachings?<\/h3>\r\n<p>Weil eine Pr\u00e4sentation mit <span style=\"color: #ed1651;\">TEDME<\/span> kein gew\u00f6hnlicher Vortrag ist, sondern einfach Spa\u00df macht. Und nicht nur dem Publikum: schon die Vorbereitung macht Spa\u00df, da sie einfach und unkompliziert ist. Wie viel Ihrer Pr\u00e4sentation Vortrag und wie viel davon Interaktion ist, h\u00e4ngt von Ihren Trainingszielen ab. Sie entscheiden, wie Sie pr\u00e4sentieren und auch wo Sie pr\u00e4sentieren! Live &amp; vor Ort oder als Webinar:<\/p>\r\n<ul class=\"fa-ul\">\r\n<li><i class=\"fa-li fa fa-arrow-right text-tdy2\"><\/i>Vortrag<\/li>\r\n<\/ul>\r\n<ul class=\"fa-ul\">\r\n<li><i class=\"fa-li fa fa-arrow-right text-tdy2\"><\/i>Workshop<\/li>\r\n<\/ul>\r\n<ul class=\"fa-ul\">\r\n<li><i class=\"fa-li fa fa-arrow-right text-tdy2\"><\/i>Webinar<\/li>\r\n<\/ul>\r\n<p>&nbsp;<\/p>\r\n<hr class=\"separator\" \/>\r\n<p>&nbsp;<\/p>\r\n<h3>Warum macht eine <span style=\"color: #ed1651;\">TEDME<\/span>-Pr\u00e4sentation so viel Spa\u00df?<\/h3>\r\n<p>Weil die Teilnehmer sich mit ihren eigenen Smartphones, Tablets oder Laptops in den Vortrag Online einloggen k\u00f6nnen (Bring Your Own Device). Sie f\u00fchren Ihre Teilnehmer durch eine Pr\u00e4sentation, die gespickt ist mit Interaktionen, die Sie selbst gestalten und einbauen k\u00f6nnen. Bauen Sie die Interaktionen einfach um Ihre bereits bestehende Pr\u00e4sentation herum. TEDME l\u00e4sst sich einfach integrieren!<\/p>\r\n<ul class=\"fa-ul\">\r\n<li><i class=\"fa-li fa fa-arrow-right text-tdy2\"><\/i>Ihre eigenen Folien (aus PowerPoint &amp; Co.)<\/li>\r\n<\/ul>\r\n<ul class=\"fa-ul\">\r\n<li><i class=\"fa-li fa fa-arrow-right text-tdy2\"><\/i>Live Votings (Abstimmungsergebnis live an der Pr\u00e4sentationswand)<\/li>\r\n<\/ul>\r\n<ul class=\"fa-ul\">\r\n<li><i class=\"fa-li fa fa-arrow-right text-tdy2\"><\/i>Q&amp;A Sessions &amp; Publikumsmeinungen (z.B. Wortwolke)<\/li>\r\n<\/ul>\r\n<ul class=\"fa-ul\">\r\n<li><i class=\"fa-li fa fa-arrow-right text-tdy2\"><\/i>Wissenscheck (Abfrage des Kenntnisstandes)<\/li>\r\n<\/ul>\r\n<ul class=\"fa-ul\">\r\n<li><i class=\"fa-li fa fa-arrow-right text-tdy2\"><\/i>Feedbackb\u00f6gen (im Nachgang ausf\u00fcllbar; nicht live)<\/li>\r\n<\/ul>\r\n<\/div>\r\n<\/div>\r\n<\/div>\r\n<\/div>\r\n<\/div>\r\n\r\n<div id=\"el-ead0db2c\" class=\"vce-col vce-col--md-20p vce-col--xs-1 vce-col--xs-last vce-col--xs-first vce-col--sm-last vce-col--sm-first vce-col--md-last vce-col--lg-last vce-col--xl-last\">\r\n<div class=\"vce-col-inner\" data-vce-do-apply=\"border margin background  el-ead0db2c\">\r\n<div class=\"vce-col-content\" data-vce-element-content=\"true\" data-vce-do-apply=\"padding el-ead0db2c\">\r\n<div>\u00a0<\/div>\r\n<\/div>\r\n<\/div>\r\n<\/div>\r\n<\/div>\r\n<\/div>\r\n<\/div>\r\n\r\n<div class=\"vce-row-container\" data-vce-boxed-width=\"true\">\r\n<div id=\"el-a4e72b22\" class=\"vce-row vce-row--col-gap-30 content-section internal-link-section vce-row-equal-height vce-row-content--top\" data-vce-do-apply=\"all el-a4e72b22\">\r\n<div class=\"vce-row-content\" data-vce-element-content=\"true\">\r\n<div id=\"el-46604234\" class=\"vce-col vce-col--md-auto vce-col--xs-1 vce-col--xs-last vce-col--xs-first vce-col--sm-last vce-col--sm-first vce-col--md-last vce-col--lg-last vce-col--xl-last vce-col--md-first vce-col--lg-first vce-col--xl-first\">\r\n<div class=\"vce-col-inner\" data-vce-do-apply=\"border margin background  el-46604234\">\r\n<div class=\"vce-col-content\" data-vce-element-content=\"true\" data-vce-do-apply=\"padding el-46604234\">\r\n<div class=\"vce-raw-html internal-link-module\">\r\n<div id=\"el-0fd90d27\" class=\"vce-raw-html-wrapper\" data-vce-do-apply=\"all el-0fd90d27\">\r\n<ul class=\"fa-ul\">\r\n<li><i class=\"fa-li fa fa-arrow-right text-tdy2\"><\/i> <a href=\"\/en\/tedme-in-event-plattform-einbinden\/\">Operating tools in parallel is a thing of the past - how to integrate TEDME into your event platform<\/a><\/li>\r\n<li><i class=\"fa-li fa fa-arrow-right text-tdy2\"><\/i> <a href=\"\/en\/wissensquiz-aktiviert-event-teilnehmer\/\">Knowledge quiz - activates and inspires event participants at the same time<\/a><\/li>\r\n<li><i class=\"fa-li fa fa-arrow-right text-tdy2\"><\/i> <a href=\"\/en\/hybrides-event-mit-tedme\/\">How to make a hybrid event a real success - with TEDME<\/a><\/li>\r\n<\/ul>\r\n<\/div>\r\n<\/div>\r\n<\/div>\r\n<\/div>\r\n<\/div>\r\n<\/div>\r\n<\/div>\r\n<\/div>\r\n\r\n<div class=\"vce-row-container\">\r\n<div id=\"el-c6246e4d\" class=\"vce-row vce-element--has-background vce-row--col-gap-30 content-section vce-row-no-paddings vce-row-equal-height vce-row-content--top\" data-vce-full-width=\"true\" data-vce-stretch-content=\"true\" data-vce-do-apply=\"all el-c6246e4d\">\r\n<div class=\"vce-content-background-container\">\u00a0<\/div>\r\n<div class=\"vce-row-content\" data-vce-element-content=\"true\">\r\n<div id=\"el-116d48a6\" class=\"vce-col vce-col--md-auto vce-col--xs-1 vce-col--xs-last vce-col--xs-first vce-col--sm-last vce-col--sm-first vce-col--md-last vce-col--lg-last vce-col--xl-last vce-col--md-first vce-col--lg-first vce-col--xl-first\">\r\n<div class=\"vce-col-inner\" data-vce-do-apply=\"border margin background  el-116d48a6\">\r\n<div class=\"vce-col-content\" data-vce-element-content=\"true\" data-vce-do-apply=\"padding el-116d48a6\">\r\n<div class=\"vce-text-block\">\r\n<div id=\"el-dc99ad7c\" class=\"vce-text-block-wrapper vce\" data-vce-do-apply=\"all el-dc99ad7c\">\r\n<h3 style=\"text-align: center;\"><span style=\"color: #ffffff;\">Do you have any further questions?<\/span><\/h3>\r\n<p style=\"text-align: center;\"><a class=\"btn-tdy\" href=\"\/en\/contact\/\">CONTACT<\/a><\/p>\r\n<\/div>\r\n<\/div>\r\n<\/div>\r\n<\/div>\r\n<\/div>\r\n<\/div>\r\n<\/div>\r\n<\/div>","protected":false},"excerpt":{"rendered":"<p>\u00a0 TEDME f\u00fcr Trainer \/ Coaches \u00a0 \u00a0 F\u00fcr effektivere und spannendere Schulungen- online, offline oder hybrid \u00a0 \u00a0 Gesch\u00e4tzt gibt es derzeit fast 8000 Coaches in Deutschland \u2013 und viele weitere, wie zum Beispiel selbstst\u00e4ndige Life-Coaches, die nicht mit eingerechnet sind. Jeder einzelne von ihnen coacht auf eine andere und seine eigene Art und [&hellip;]<\/p>\n","protected":false},"author":1,"featured_media":0,"parent":0,"menu_order":0,"comment_status":"closed","ping_status":"closed","template":"","meta":{"footnotes":""},"class_list":["post-624","page","type-page","status-publish","hentry"],"yoast_head":"<!-- This site is optimized with the Yoast SEO Premium plugin v27.3 (Yoast SEO v27.3) - https:\/\/yoast.com\/product\/yoast-seo-premium-wordpress\/ -->\n<title>Trainer \/ Coaches - TEDME<\/title>\n<meta name=\"description\" content=\"Erfahren Sie, wie Trainer TEDME nutzen k\u00f6nnen, um interaktive Workshops einfach und effektiv zu gestalten.\" \/>\n<meta name=\"robots\" content=\"index, follow, max-snippet:-1, max-image-preview:large, max-video-preview:-1\" \/>\n<link rel=\"canonical\" href=\"https:\/\/tedme.com\/en\/coaches\/\" \/>\n<meta property=\"og:locale\" content=\"en_GB\" \/>\n<meta property=\"og:type\" content=\"article\" \/>\n<meta property=\"og:title\" content=\"Trainer \/ Coaches\" \/>\n<meta property=\"og:description\" content=\"Erfahren Sie, wie Trainer TEDME nutzen k\u00f6nnen, um interaktive Workshops einfach und effektiv zu gestalten.\" \/>\n<meta property=\"og:url\" content=\"https:\/\/tedme.com\/en\/coaches\/\" \/>\n<meta property=\"og:site_name\" content=\"TEDME\" \/>\n<meta property=\"article:modified_time\" content=\"2026-03-12T12:36:50+00:00\" \/>\n<meta name=\"twitter:card\" content=\"summary_large_image\" \/>\n<meta name=\"twitter:label1\" content=\"Estimated reading time\" \/>\n\t<meta name=\"twitter:data1\" content=\"2 minutes\" \/>\n<script type=\"application\/ld+json\" class=\"yoast-schema-graph\">{\"@context\":\"https:\\\/\\\/schema.org\",\"@graph\":[{\"@type\":\"WebPage\",\"@id\":\"https:\\\/\\\/tedme.com\\\/coaches\\\/\",\"url\":\"https:\\\/\\\/tedme.com\\\/coaches\\\/\",\"name\":\"Trainer \\\/ Coaches - TEDME\",\"isPartOf\":{\"@id\":\"https:\\\/\\\/tedme.com\\\/#website\"},\"datePublished\":\"2021-07-29T13:49:12+00:00\",\"dateModified\":\"2026-03-12T12:36:50+00:00\",\"description\":\"Erfahren Sie, wie Trainer TEDME nutzen k\u00f6nnen, um interaktive Workshops einfach und effektiv zu gestalten.\",\"breadcrumb\":{\"@id\":\"https:\\\/\\\/tedme.com\\\/coaches\\\/#breadcrumb\"},\"inLanguage\":\"en-GB\",\"potentialAction\":[{\"@type\":\"ReadAction\",\"target\":[\"https:\\\/\\\/tedme.com\\\/coaches\\\/\"]}]},{\"@type\":\"BreadcrumbList\",\"@id\":\"https:\\\/\\\/tedme.com\\\/coaches\\\/#breadcrumb\",\"itemListElement\":[{\"@type\":\"ListItem\",\"position\":1,\"name\":\"Home\",\"item\":\"https:\\\/\\\/tedme.com\\\/\"},{\"@type\":\"ListItem\",\"position\":2,\"name\":\"Trainer \\\/ Coaches\"}]},{\"@type\":\"WebSite\",\"@id\":\"https:\\\/\\\/tedme.com\\\/#website\",\"url\":\"https:\\\/\\\/tedme.com\\\/\",\"name\":\"TEDME\",\"description\":\"easy audience interaction &amp; polling\",\"publisher\":{\"@id\":\"https:\\\/\\\/tedme.com\\\/#organization\"},\"potentialAction\":[{\"@type\":\"SearchAction\",\"target\":{\"@type\":\"EntryPoint\",\"urlTemplate\":\"https:\\\/\\\/tedme.com\\\/?s={search_term_string}\"},\"query-input\":{\"@type\":\"PropertyValueSpecification\",\"valueRequired\":true,\"valueName\":\"search_term_string\"}}],\"inLanguage\":\"en-GB\"},{\"@type\":\"Organization\",\"@id\":\"https:\\\/\\\/tedme.com\\\/#organization\",\"name\":\"TEDME\",\"url\":\"https:\\\/\\\/tedme.com\\\/\",\"logo\":{\"@type\":\"ImageObject\",\"inLanguage\":\"en-GB\",\"@id\":\"https:\\\/\\\/tedme.com\\\/#\\\/schema\\\/logo\\\/image\\\/\",\"url\":\"https:\\\/\\\/tedme.com\\\/wp-content\\\/uploads\\\/2021\\\/07\\\/tdy-logo.png\",\"contentUrl\":\"https:\\\/\\\/tedme.com\\\/wp-content\\\/uploads\\\/2021\\\/07\\\/tdy-logo.png\",\"width\":200,\"height\":106,\"caption\":\"TEDME\"},\"image\":{\"@id\":\"https:\\\/\\\/tedme.com\\\/#\\\/schema\\\/logo\\\/image\\\/\"}}]}<\/script>\n<!-- \/ Yoast SEO Premium plugin. -->","yoast_head_json":{"title":"Trainer \/ Coaches - TEDME","description":"Erfahren Sie, wie Trainer TEDME nutzen k\u00f6nnen, um interaktive Workshops einfach und effektiv zu gestalten.","robots":{"index":"index","follow":"follow","max-snippet":"max-snippet:-1","max-image-preview":"max-image-preview:large","max-video-preview":"max-video-preview:-1"},"canonical":"https:\/\/tedme.com\/en\/coaches\/","og_locale":"en_GB","og_type":"article","og_title":"Trainer \/ Coaches","og_description":"Erfahren Sie, wie Trainer TEDME nutzen k\u00f6nnen, um interaktive Workshops einfach und effektiv zu gestalten.","og_url":"https:\/\/tedme.com\/en\/coaches\/","og_site_name":"TEDME","article_modified_time":"2026-03-12T12:36:50+00:00","twitter_card":"summary_large_image","twitter_misc":{"Estimated reading time":"2 minutes"},"schema":{"@context":"https:\/\/schema.org","@graph":[{"@type":"WebPage","@id":"https:\/\/tedme.com\/coaches\/","url":"https:\/\/tedme.com\/coaches\/","name":"Trainer \/ Coaches - TEDME","isPartOf":{"@id":"https:\/\/tedme.com\/#website"},"datePublished":"2021-07-29T13:49:12+00:00","dateModified":"2026-03-12T12:36:50+00:00","description":"Erfahren Sie, wie Trainer TEDME nutzen k\u00f6nnen, um interaktive Workshops einfach und effektiv zu gestalten.","breadcrumb":{"@id":"https:\/\/tedme.com\/coaches\/#breadcrumb"},"inLanguage":"en-GB","potentialAction":[{"@type":"ReadAction","target":["https:\/\/tedme.com\/coaches\/"]}]},{"@type":"BreadcrumbList","@id":"https:\/\/tedme.com\/coaches\/#breadcrumb","itemListElement":[{"@type":"ListItem","position":1,"name":"Home","item":"https:\/\/tedme.com\/"},{"@type":"ListItem","position":2,"name":"Trainer \/ Coaches"}]},{"@type":"WebSite","@id":"https:\/\/tedme.com\/#website","url":"https:\/\/tedme.com\/","name":"TEDME","description":"easy audience interaction &amp; polling","publisher":{"@id":"https:\/\/tedme.com\/#organization"},"potentialAction":[{"@type":"SearchAction","target":{"@type":"EntryPoint","urlTemplate":"https:\/\/tedme.com\/?s={search_term_string}"},"query-input":{"@type":"PropertyValueSpecification","valueRequired":true,"valueName":"search_term_string"}}],"inLanguage":"en-GB"},{"@type":"Organization","@id":"https:\/\/tedme.com\/#organization","name":"TEDME","url":"https:\/\/tedme.com\/","logo":{"@type":"ImageObject","inLanguage":"en-GB","@id":"https:\/\/tedme.com\/#\/schema\/logo\/image\/","url":"https:\/\/tedme.com\/wp-content\/uploads\/2021\/07\/tdy-logo.png","contentUrl":"https:\/\/tedme.com\/wp-content\/uploads\/2021\/07\/tdy-logo.png","width":200,"height":106,"caption":"TEDME"},"image":{"@id":"https:\/\/tedme.com\/#\/schema\/logo\/image\/"}}]}},"_links":{"self":[{"href":"https:\/\/tedme.com\/en\/wp-json\/wp\/v2\/pages\/624","targetHints":{"allow":["GET"]}}],"collection":[{"href":"https:\/\/tedme.com\/en\/wp-json\/wp\/v2\/pages"}],"about":[{"href":"https:\/\/tedme.com\/en\/wp-json\/wp\/v2\/types\/page"}],"author":[{"embeddable":true,"href":"https:\/\/tedme.com\/en\/wp-json\/wp\/v2\/users\/1"}],"replies":[{"embeddable":true,"href":"https:\/\/tedme.com\/en\/wp-json\/wp\/v2\/comments?post=624"}],"version-history":[{"count":25,"href":"https:\/\/tedme.com\/en\/wp-json\/wp\/v2\/pages\/624\/revisions"}],"predecessor-version":[{"id":4070,"href":"https:\/\/tedme.com\/en\/wp-json\/wp\/v2\/pages\/624\/revisions\/4070"}],"wp:attachment":[{"href":"https:\/\/tedme.com\/en\/wp-json\/wp\/v2\/media?parent=624"}],"curies":[{"name":"wp","href":"https:\/\/api.w.org\/{rel}","templated":true}]}}