{"id":667,"date":"2021-07-29T13:49:01","date_gmt":"2021-07-29T13:49:01","guid":{"rendered":"https:\/\/tedme.com\/?page_id=667"},"modified":"2026-03-12T12:19:34","modified_gmt":"2026-03-12T12:19:34","slug":"faq","status":"publish","type":"page","link":"https:\/\/tedme.com\/en\/faq\/","title":{"rendered":""},"content":{"rendered":"<div class=\"vce-row-container\">\r\n<div id=\"el-7d7ec4f3\" class=\"vce-row vce-element--has-background vce-row--col-gap-30 picture-header vce-row-no-paddings vce-row-equal-height vce-row-content--top\" data-vce-full-width=\"true\" data-vce-stretch-content=\"true\" data-vce-do-apply=\"all el-7d7ec4f3\">\r\n<div class=\"vce-content-background-container\"><\/div>\r\n<div class=\"vce-row-content\" data-vce-element-content=\"true\">\r\n\r\n\r\n<div id=\"el-7009aa97\" class=\"vce-col vce-col--md-auto vce-col--xs-1 vce-col--xs-last vce-col--xs-first vce-col--sm-last vce-col--sm-first vce-col--md-last vce-col--lg-last vce-col--xl-last vce-col--md-first vce-col--lg-first vce-col--xl-first d-flex align-items-center header-column\">\r\n<div class=\"vce-col-inner\" data-vce-do-apply=\"border margin background el-7009aa97\">\r\n<div class=\"vce-content-background-container\"><\/div>\r\n<div class=\"vce-col-content\" data-vce-element-content=\"true\" data-vce-do-apply=\"padding el-7009aa97\">\r\n\r\n\r\n<div class=\"vce-text-block\">\r\n<div id=\"el-cc899fcd\" class=\"vce-text-block-wrapper vce\" data-vce-do-apply=\"all el-cc899fcd\">\r\n<h1 style=\"text-align: center;\"><span style=\"color: #ffffff;\">Frequently asked questions about<\/span> <span style=\"color: #ed1651;\">TEDME<\/span><\/h1>\r\n<\/div>\r\n<\/div>\r\n\r\n\r\n<\/div>\r\n<\/div>\r\n<\/div>\r\n\r\n\r\n<\/div>\r\n<\/div>\r\n<\/div>\r\n\r\n<div class=\"vce-row-container\">\r\n<div id=\"el-66f8f768\" class=\"vce-row vce-row--col-gap-30 content-section vce-row-equal-height vce-row-content--top\" data-vce-full-width=\"true\" data-vce-stretch-content=\"true\" data-vce-do-apply=\"all el-66f8f768\">\r\n<div class=\"vce-content-background-container\"><\/div>\r\n<div class=\"vce-row-content\" data-vce-element-content=\"true\">\r\n\r\n\r\n<div id=\"el-0b478f25\" class=\"vce-col vce-col--md-100p vce-col--xs-1 vce-col--xs-last vce-col--xs-first vce-col--sm-last vce-col--sm-first vce-col--md-last vce-col--lg-last vce-col--xl-last vce-col--md-first vce-col--lg-first vce-col--xl-first\">\r\n<div class=\"vce-col-inner\" data-vce-do-apply=\"border margin background el-0b478f25\">\r\n<div class=\"vce-col-content\" data-vce-element-content=\"true\" data-vce-do-apply=\"padding el-0b478f25\">\r\n\r\n\r\n<div class=\"vce-text-block\">\r\n<div id=\"el-584846b3\" class=\"vce-text-block-wrapper vce\" data-vce-do-apply=\"all el-584846b3\">\r\n\r\nWe collect your questions, which you can enter above, and should questions occur more frequently, we will answer them in the <span style=\"color: #ed1651;\">TEDME<\/span> Co-Moderationsfunktion und schalten diese dann hier frei. Einzelfragen beantworten wir direkt, sofern Sie optional Ihre E-Mail-Adresse oben eingegeben haben.\r\n\r\nDie hier integrierte FAQ-Liste ist ein Beispiel daf\u00fcr, wie eine FAQ mithilfe der <span style=\"color: #ed1651;\">TEDME<\/span> Q&amp;A function can be implemented and integrated into a website at the same time.\r\n\r\n<\/div>\r\n<\/div>\r\n\r\n\r\n<\/div>\r\n<\/div>\r\n<\/div>\r\n\r\n\r\n<\/div>\r\n<\/div>\r\n<\/div>\r\n\r\n<div class=\"vce-row-container\">\r\n<div id=\"el-dc62a31e\" class=\"vce-row vce-element--has-background vce-row--col-gap-30 content-section vce-row-no-paddings vce-row-equal-height vce-row-content--top\" data-vce-full-width=\"true\" data-vce-stretch-content=\"true\" data-vce-do-apply=\"all el-dc62a31e\">\r\n<div class=\"vce-content-background-container\"><\/div>\r\n<div class=\"vce-row-content\" data-vce-element-content=\"true\">\r\n\r\n\r\n<div id=\"el-e6a2883f\" class=\"vce-col vce-col--md-auto vce-col--xs-1 vce-col--xs-last vce-col--xs-first vce-col--sm-last vce-col--sm-first vce-col--md-last vce-col--lg-last vce-col--xl-last vce-col--md-first vce-col--lg-first vce-col--xl-first\">\r\n<div class=\"vce-col-inner\" data-vce-do-apply=\"border margin background el-e6a2883f\">\r\n<div class=\"vce-col-content\" data-vce-element-content=\"true\" data-vce-do-apply=\"padding el-e6a2883f\">\r\n\r\n\r\n<div class=\"vce-raw-html\">\r\n<div id=\"el-7d9310e9\" class=\"vce-raw-html-wrapper\" data-vce-do-apply=\"all el-7d9310e9\">\r\n<div id=\"faq-iframe\"><\/div>\r\n<\/div>\r\n<\/div>\r\n\r\n\r\n<\/div>\r\n<\/div>\r\n<\/div>\r\n\r\n\r\n<\/div>\r\n<\/div>\r\n<\/div>\r\n\r\n<div class=\"vce-row-container\">\r\n<div id=\"el-54ce28f2\" class=\"vce-row vce-element--has-background vce-row--col-gap-30 content-section vce-row-no-paddings vce-row-equal-height vce-row-content--top\" data-vce-full-width=\"true\" data-vce-stretch-content=\"true\" data-vce-do-apply=\"all el-54ce28f2\">\r\n<div class=\"vce-content-background-container\"><\/div>\r\n<div class=\"vce-row-content\" data-vce-element-content=\"true\">\r\n\r\n\r\n<div id=\"el-586a3bcf\" class=\"vce-col vce-col--md-auto vce-col--xs-1 vce-col--xs-last vce-col--xs-first vce-col--sm-last vce-col--sm-first vce-col--md-last vce-col--lg-last vce-col--xl-last vce-col--md-first vce-col--lg-first vce-col--xl-first\">\r\n<div class=\"vce-col-inner\" data-vce-do-apply=\"border margin background el-586a3bcf\">\r\n<div class=\"vce-col-content\" data-vce-element-content=\"true\" data-vce-do-apply=\"padding el-586a3bcf\">\r\n\r\n\r\n<div class=\"vce-text-block\">\r\n<div id=\"el-0e78addf\" class=\"vce-text-block-wrapper vce\" data-vce-do-apply=\"all el-0e78addf\">\r\n<h3 style=\"text-align: center;\"><span style=\"color: #ffffff;\">Do you have any further questions?<\/span><\/h3>\r\n<p style=\"text-align: center;\"><a class=\"btn-tdy\" href=\"\/en\/contact\/\">CONTACT<\/a><\/p>\r\n\r\n<\/div>\r\n<\/div>\r\n\r\n\r\n<\/div>\r\n<\/div>\r\n<\/div>\r\n\r\n\r\n<\/div>\r\n<\/div>\r\n<\/div>","protected":false},"excerpt":{"rendered":"<p>H\u00e4ufig gestellte Fragen zu TEDME Wir sammeln ihre Fragen, die Sie oben eingeben k\u00f6nnen, und sollten Fragen h\u00e4ufiger vorkommen, beantworten wir diese in der TEDME Co-Moderationsfunktion und schalten diese dann hier frei. Einzelfragen beantworten wir direkt, sofern Sie optional Ihre E-Mail-Adresse oben eingegeben haben. Die hier integrierte FAQ-Liste ist ein Beispiel daf\u00fcr, wie eine FAQ [&hellip;]<\/p>\n","protected":false},"author":1,"featured_media":0,"parent":0,"menu_order":0,"comment_status":"closed","ping_status":"closed","template":"","meta":{"footnotes":""},"class_list":["post-667","page","type-page","status-publish","hentry"],"yoast_head":"<!-- This site is optimized with the Yoast SEO Premium plugin v27.3 (Yoast SEO v27.3) - https:\/\/yoast.com\/product\/yoast-seo-premium-wordpress\/ -->\n<title>FAQ - TEDME<\/title>\n<meta name=\"description\" content=\"Hier finden Sie h\u00e4ufig gestellte Fragen anderer Kunden\" \/>\n<meta name=\"robots\" content=\"index, follow, max-snippet:-1, max-image-preview:large, max-video-preview:-1\" \/>\n<link rel=\"canonical\" href=\"https:\/\/tedme.com\/en\/faq\/\" \/>\n<meta property=\"og:locale\" content=\"en_GB\" \/>\n<meta property=\"og:type\" content=\"article\" \/>\n<meta property=\"og:title\" content=\"FAQ\" \/>\n<meta property=\"og:description\" content=\"Hier finden Sie h\u00e4ufig gestellte Fragen anderer Kunden\" \/>\n<meta property=\"og:url\" content=\"https:\/\/tedme.com\/en\/faq\/\" \/>\n<meta property=\"og:site_name\" content=\"TEDME\" \/>\n<meta property=\"article:modified_time\" content=\"2026-03-12T12:19:34+00:00\" \/>\n<meta name=\"twitter:card\" content=\"summary_large_image\" \/>\n<script type=\"application\/ld+json\" class=\"yoast-schema-graph\">{\"@context\":\"https:\\\/\\\/schema.org\",\"@graph\":[{\"@type\":\"WebPage\",\"@id\":\"https:\\\/\\\/tedme.com\\\/faq\\\/\",\"url\":\"https:\\\/\\\/tedme.com\\\/faq\\\/\",\"name\":\"FAQ - TEDME\",\"isPartOf\":{\"@id\":\"https:\\\/\\\/tedme.com\\\/#website\"},\"datePublished\":\"2021-07-29T13:49:01+00:00\",\"dateModified\":\"2026-03-12T12:19:34+00:00\",\"description\":\"Hier finden Sie h\u00e4ufig gestellte Fragen anderer Kunden\",\"breadcrumb\":{\"@id\":\"https:\\\/\\\/tedme.com\\\/faq\\\/#breadcrumb\"},\"inLanguage\":\"en-GB\",\"potentialAction\":[{\"@type\":\"ReadAction\",\"target\":[\"https:\\\/\\\/tedme.com\\\/faq\\\/\"]}]},{\"@type\":\"BreadcrumbList\",\"@id\":\"https:\\\/\\\/tedme.com\\\/faq\\\/#breadcrumb\",\"itemListElement\":[{\"@type\":\"ListItem\",\"position\":1,\"name\":\"Home\",\"item\":\"https:\\\/\\\/tedme.com\\\/\"},{\"@type\":\"ListItem\",\"position\":2,\"name\":\"FAQ\"}]},{\"@type\":\"WebSite\",\"@id\":\"https:\\\/\\\/tedme.com\\\/#website\",\"url\":\"https:\\\/\\\/tedme.com\\\/\",\"name\":\"TEDME\",\"description\":\"easy audience interaction &amp; polling\",\"publisher\":{\"@id\":\"https:\\\/\\\/tedme.com\\\/#organization\"},\"potentialAction\":[{\"@type\":\"SearchAction\",\"target\":{\"@type\":\"EntryPoint\",\"urlTemplate\":\"https:\\\/\\\/tedme.com\\\/?s={search_term_string}\"},\"query-input\":{\"@type\":\"PropertyValueSpecification\",\"valueRequired\":true,\"valueName\":\"search_term_string\"}}],\"inLanguage\":\"en-GB\"},{\"@type\":\"Organization\",\"@id\":\"https:\\\/\\\/tedme.com\\\/#organization\",\"name\":\"TEDME\",\"url\":\"https:\\\/\\\/tedme.com\\\/\",\"logo\":{\"@type\":\"ImageObject\",\"inLanguage\":\"en-GB\",\"@id\":\"https:\\\/\\\/tedme.com\\\/#\\\/schema\\\/logo\\\/image\\\/\",\"url\":\"https:\\\/\\\/tedme.com\\\/wp-content\\\/uploads\\\/2021\\\/07\\\/tdy-logo.png\",\"contentUrl\":\"https:\\\/\\\/tedme.com\\\/wp-content\\\/uploads\\\/2021\\\/07\\\/tdy-logo.png\",\"width\":200,\"height\":106,\"caption\":\"TEDME\"},\"image\":{\"@id\":\"https:\\\/\\\/tedme.com\\\/#\\\/schema\\\/logo\\\/image\\\/\"}}]}<\/script>\n<!-- \/ Yoast SEO Premium plugin. -->","yoast_head_json":{"title":"FAQ - TEDME","description":"Hier finden Sie h\u00e4ufig gestellte Fragen anderer Kunden","robots":{"index":"index","follow":"follow","max-snippet":"max-snippet:-1","max-image-preview":"max-image-preview:large","max-video-preview":"max-video-preview:-1"},"canonical":"https:\/\/tedme.com\/en\/faq\/","og_locale":"en_GB","og_type":"article","og_title":"FAQ","og_description":"Hier finden Sie h\u00e4ufig gestellte Fragen anderer Kunden","og_url":"https:\/\/tedme.com\/en\/faq\/","og_site_name":"TEDME","article_modified_time":"2026-03-12T12:19:34+00:00","twitter_card":"summary_large_image","schema":{"@context":"https:\/\/schema.org","@graph":[{"@type":"WebPage","@id":"https:\/\/tedme.com\/faq\/","url":"https:\/\/tedme.com\/faq\/","name":"FAQ - TEDME","isPartOf":{"@id":"https:\/\/tedme.com\/#website"},"datePublished":"2021-07-29T13:49:01+00:00","dateModified":"2026-03-12T12:19:34+00:00","description":"Hier finden Sie h\u00e4ufig gestellte Fragen anderer Kunden","breadcrumb":{"@id":"https:\/\/tedme.com\/faq\/#breadcrumb"},"inLanguage":"en-GB","potentialAction":[{"@type":"ReadAction","target":["https:\/\/tedme.com\/faq\/"]}]},{"@type":"BreadcrumbList","@id":"https:\/\/tedme.com\/faq\/#breadcrumb","itemListElement":[{"@type":"ListItem","position":1,"name":"Home","item":"https:\/\/tedme.com\/"},{"@type":"ListItem","position":2,"name":"FAQ"}]},{"@type":"WebSite","@id":"https:\/\/tedme.com\/#website","url":"https:\/\/tedme.com\/","name":"TEDME","description":"easy audience interaction &amp; polling","publisher":{"@id":"https:\/\/tedme.com\/#organization"},"potentialAction":[{"@type":"SearchAction","target":{"@type":"EntryPoint","urlTemplate":"https:\/\/tedme.com\/?s={search_term_string}"},"query-input":{"@type":"PropertyValueSpecification","valueRequired":true,"valueName":"search_term_string"}}],"inLanguage":"en-GB"},{"@type":"Organization","@id":"https:\/\/tedme.com\/#organization","name":"TEDME","url":"https:\/\/tedme.com\/","logo":{"@type":"ImageObject","inLanguage":"en-GB","@id":"https:\/\/tedme.com\/#\/schema\/logo\/image\/","url":"https:\/\/tedme.com\/wp-content\/uploads\/2021\/07\/tdy-logo.png","contentUrl":"https:\/\/tedme.com\/wp-content\/uploads\/2021\/07\/tdy-logo.png","width":200,"height":106,"caption":"TEDME"},"image":{"@id":"https:\/\/tedme.com\/#\/schema\/logo\/image\/"}}]}},"_links":{"self":[{"href":"https:\/\/tedme.com\/en\/wp-json\/wp\/v2\/pages\/667","targetHints":{"allow":["GET"]}}],"collection":[{"href":"https:\/\/tedme.com\/en\/wp-json\/wp\/v2\/pages"}],"about":[{"href":"https:\/\/tedme.com\/en\/wp-json\/wp\/v2\/types\/page"}],"author":[{"embeddable":true,"href":"https:\/\/tedme.com\/en\/wp-json\/wp\/v2\/users\/1"}],"replies":[{"embeddable":true,"href":"https:\/\/tedme.com\/en\/wp-json\/wp\/v2\/comments?post=667"}],"version-history":[{"count":14,"href":"https:\/\/tedme.com\/en\/wp-json\/wp\/v2\/pages\/667\/revisions"}],"predecessor-version":[{"id":4050,"href":"https:\/\/tedme.com\/en\/wp-json\/wp\/v2\/pages\/667\/revisions\/4050"}],"wp:attachment":[{"href":"https:\/\/tedme.com\/en\/wp-json\/wp\/v2\/media?parent=667"}],"curies":[{"name":"wp","href":"https:\/\/api.w.org\/{rel}","templated":true}]}}