{"id":673,"date":"2021-07-29T13:49:01","date_gmt":"2021-07-29T13:49:01","guid":{"rendered":"https:\/\/tedme.com\/?page_id=673"},"modified":"2026-03-12T12:25:42","modified_gmt":"2026-03-12T12:25:42","slug":"contact","status":"publish","type":"page","link":"https:\/\/tedme.com\/en\/contact\/","title":{"rendered":""},"content":{"rendered":"<div class=\"vce-row-container\">\r\n<div id=\"el-73cac414\" class=\"vce-row vce-element--has-background vce-row--col-gap-30 picture-header vce-row-no-paddings vce-row-equal-height vce-row-content--top\" data-vce-full-width=\"true\" data-vce-stretch-content=\"true\" data-vce-do-apply=\"all el-73cac414\">\r\n<div class=\"vce-content-background-container\">\u00a0<\/div>\r\n<div class=\"vce-row-content\" data-vce-element-content=\"true\">\r\n<div id=\"el-acc83f50\" class=\"vce-col vce-col--md-auto vce-col--xs-1 vce-col--xs-last vce-col--xs-first vce-col--sm-last vce-col--sm-first vce-col--md-last vce-col--lg-last vce-col--xl-last vce-col--md-first vce-col--lg-first vce-col--xl-first d-flex align-items-center header-column\">\r\n<div class=\"vce-col-inner\" data-vce-do-apply=\"border margin background  el-acc83f50\">\r\n<div class=\"vce-content-background-container\">\u00a0<\/div>\r\n<div class=\"vce-col-content\" data-vce-element-content=\"true\" data-vce-do-apply=\"padding el-acc83f50\">\r\n<div class=\"vce-text-block\">\r\n<div id=\"el-0a4887da\" class=\"vce-text-block-wrapper vce\" data-vce-do-apply=\"all el-0a4887da\">\r\n<h1 style=\"text-align: center;\"><span style=\"color: #ffffff;\">How can we <span style=\"color: #ed1651;\">You<\/span> help?<\/span><\/h1>\r\n<\/div>\r\n<\/div>\r\n<\/div>\r\n<\/div>\r\n<\/div>\r\n<\/div>\r\n<\/div>\r\n<\/div>\r\n\r\n<div class=\"vce-row-container\">\r\n<div id=\"el-dd1a4784\" class=\"vce-row vce-row--col-gap-30 content-section vce-row-equal-height vce-row-content--top\" data-vce-do-apply=\"all el-dd1a4784\" data-vce-full-width=\"true\" data-vce-stretch-content=\"true\">\r\n<div class=\"vce-content-background-container\">\u00a0<\/div>\r\n<div class=\"vce-row-content\" data-vce-element-content=\"true\">\r\n<div id=\"el-3c2600b3\" class=\"vce-col vce-col--md-auto vce-col--xs-1 vce-col--xs-last vce-col--xs-first vce-col--sm-last vce-col--sm-first vce-col--md-last vce-col--lg-last vce-col--xl-last vce-col--md-first vce-col--lg-first vce-col--xl-first\">\r\n<div class=\"vce-col-inner\" data-vce-do-apply=\"border margin background  el-3c2600b3\">\r\n<div class=\"vce-content-background-container\">\u00a0<\/div>\r\n<div class=\"vce-col-content\" data-vce-element-content=\"true\" data-vce-do-apply=\"padding el-3c2600b3\">\r\n<div class=\"vce-text-block contact-page\">\r\n<div id=\"el-a89c79cd\" class=\"vce-text-block-wrapper vce\" data-vce-do-apply=\"all el-a89c79cd\">\r\n<h2 style=\"text-align: center;\">Write us a message<\/h2>\r\n<br \/>\n<div class=\"wpcf7 no-js\" id=\"wpcf7-f899-o1\" lang=\"en-US\" dir=\"ltr\" data-wpcf7-id=\"899\">\n<div class=\"screen-reader-response\"><p role=\"status\" aria-live=\"polite\" aria-atomic=\"true\"><\/p> <ul><\/ul><\/div>\n<form action=\"\/en\/wp-json\/wp\/v2\/pages\/673#wpcf7-f899-o1\" method=\"post\" class=\"wpcf7-form init\" aria-label=\"Contact form\" novalidate=\"novalidate\" data-status=\"init\" data-trp-original-action=\"\/en\/wp-json\/wp\/v2\/pages\/673#wpcf7-f899-o1\">\n<fieldset class=\"hidden-fields-container\"><input type=\"hidden\" name=\"_wpcf7\" value=\"899\" \/><input type=\"hidden\" name=\"_wpcf7_version\" value=\"6.1.5\" \/><input type=\"hidden\" name=\"_wpcf7_locale\" value=\"en_US\" \/><input type=\"hidden\" name=\"_wpcf7_unit_tag\" value=\"wpcf7-f899-o1\" \/><input type=\"hidden\" name=\"_wpcf7_container_post\" value=\"0\" \/><input type=\"hidden\" name=\"_wpcf7_posted_data_hash\" value=\"\" \/>\n<\/fieldset>\n<p><span id=\"email-input-field-wrapper\" class=\"wpcf7-form-control-wrap honeypot-464-wrap\" ><input type=\"hidden\" name=\"honeypot-464-time-start\" value=\"1776955315\"><input type=\"hidden\" name=\"honeypot-464-time-check\" value=\"2\"><label for=\"your-email-field\" class=\"hp-message\">Please leave this field empty.<\/label><input id=\"your-email-field\"  placeholder=\"e-mail\"  class=\"wpcf7-form-control wpcf7-text email-input-field\" type=\"text\" name=\"honeypot-464\" value=\"\" size=\"40\" tabindex=\"-1\" autocomplete=\"off\" \/><\/span>\n<\/p>\n<p><label> Name<br \/>\n<span class=\"wpcf7-form-control-wrap\" data-name=\"your-name\"><input size=\"40\" maxlength=\"400\" class=\"wpcf7-form-control wpcf7-text wpcf7-validates-as-required\" aria-required=\"true\" aria-invalid=\"false\" value=\"\" type=\"text\" name=\"your-name\" \/><\/span> <\/label>\n<\/p>\n<p><label> E-mail address<br \/>\n<span class=\"wpcf7-form-control-wrap\" data-name=\"your-email\"><input size=\"40\" maxlength=\"400\" class=\"wpcf7-form-control wpcf7-email wpcf7-validates-as-required wpcf7-text wpcf7-validates-as-email\" aria-required=\"true\" aria-invalid=\"false\" value=\"\" type=\"email\" name=\"your-email\" \/><\/span> <\/label>\n<\/p>\n<p><label> Telephone number<br \/>\n<span class=\"wpcf7-form-control-wrap\" data-name=\"your-tel\"><input size=\"40\" maxlength=\"400\" class=\"wpcf7-form-control wpcf7-tel wpcf7-validates-as-required wpcf7-text wpcf7-validates-as-tel\" aria-required=\"true\" aria-invalid=\"false\" value=\"\" type=\"tel\" name=\"your-tel\" \/><\/span> <\/label>\n<\/p>\n<p><label> Subject<br \/>\n<span class=\"wpcf7-form-control-wrap\" data-name=\"your-subject\"><input size=\"40\" maxlength=\"400\" class=\"wpcf7-form-control wpcf7-text wpcf7-validates-as-required\" aria-required=\"true\" aria-invalid=\"false\" value=\"\" type=\"text\" name=\"your-subject\" \/><\/span> <\/label>\n<\/p>\n<p><label> Your message (minimum 20 and maximum 500 characters)<br \/>\n<span class=\"wpcf7-form-control-wrap\" data-name=\"your-message\"><textarea cols=\"40\" rows=\"10\" maxlength=\"500\" minlength=\"20\" class=\"wpcf7-form-control wpcf7-textarea\" aria-invalid=\"false\" name=\"your-message\"><\/textarea><\/span> <\/label>\n<\/p>\n<p><span class=\"wpcf7-form-control-wrap\" data-name=\"quiz-253\"><label><span class=\"wpcf7-quiz-label\">Are you a robot? How much is 13+4?<\/span> <input size=\"40\" class=\"wpcf7-form-control wpcf7-quiz\" autocomplete=\"off\" aria-required=\"true\" aria-invalid=\"false\" type=\"text\" name=\"quiz-253\" \/><\/label><input type=\"hidden\" name=\"_wpcf7_quiz_answer_quiz-253\" value=\"85cbf65e8c0d97e3d373cc414599647a\" \/><\/span>\n<\/p>\n<p><input class=\"wpcf7-form-control wpcf7-submit has-spinner\" type=\"submit\" value=\"Send\" \/>\n<\/p><div class=\"wpcf7-response-output\" aria-hidden=\"true\"><\/div>\n<input type=\"hidden\" name=\"trp-form-language\" value=\"en\"\/><\/form>\n<\/div>\n<\/div>\r\n<\/div>\r\n\r\n<div class=\"vce-row-container\" data-vce-boxed-width=\"true\">\r\n<div id=\"el-d298bb87\" class=\"vce-row vce-row--col-gap-30 vce-row-equal-height vce-row-content--top\" data-vce-do-apply=\"all el-d298bb87\">\r\n<div class=\"vce-content-background-container\">\u00a0<\/div>\r\n<div class=\"vce-row-content\" data-vce-element-content=\"true\">\r\n<div id=\"el-488ee7a6\" class=\"vce-col vce-col--md-auto vce-col--xs-1 vce-col--xs-last vce-col--xs-first vce-col--sm-last vce-col--sm-first vce-col--md-first vce-col--lg-first vce-col--xl-first\">\r\n<div class=\"vce-col-inner\" data-vce-do-apply=\"border margin background  el-488ee7a6\">\r\n<div class=\"vce-col-content\" data-vce-element-content=\"true\" data-vce-do-apply=\"padding el-488ee7a6\">\r\n<div id=\"el-dde1a1dd\" class=\"vce-feature-description vce\" data-vce-do-apply=\"all el-dde1a1dd\">\r\n<div>\r\n<div class=\"vce-feature-description-image-wrapper vce-feature-description-image-align--left\">\r\n<div class=\"vce-feature-description-image vce-features-shape--filled-circle vce-feature-description-image--background-position-center-center\" style=\"background-image: url('https:\/\/tedme.com\/wp-content\/uploads\/2021\/07\/tim_koros_profile_picture.png'); padding: 0px 0px 100%;\">\u00a0<\/div>\r\n<\/div>\r\n<div class=\"vce-feature-description-content\">\u00a0<\/div>\r\n\r\n<div class=\"\">\u00a0<\/div>\r\n<\/div>\r\n<\/div>\r\n<\/div>\r\n<\/div>\r\n<\/div>\r\n\r\n<div id=\"el-cd92d627\" class=\"vce-col vce-col--md-auto vce-col--xs-1 vce-col--xs-last vce-col--xs-first vce-col--sm-last vce-col--sm-first vce-col--md-last vce-col--lg-last vce-col--xl-last\">\r\n<div class=\"vce-col-inner\" data-vce-do-apply=\"border margin background  el-cd92d627\">\r\n<div class=\"vce-col-content\" data-vce-element-content=\"true\" data-vce-do-apply=\"padding el-cd92d627\">\r\n<div class=\"vce-text-block\">\r\n<div id=\"el-2d6798b2\" class=\"vce-text-block-wrapper vce\" data-vce-do-apply=\"all el-2d6798b2\">\r\n<p><span style=\"color: #ed1651;\">Address<\/span><br \/>aisys media GmbH<br \/>Ludwigstrasse 8a<br \/>97070 W\u00fcrzburg<\/p>\r\n<p>&nbsp;<\/p>\r\n<p>Tim Koros<br \/>Managing Director<\/p>\r\n<p>+49 (0)931 - 404 118 - 11<\/p>\r\n<p><a href=\"mailto:kontakt@tedme.com\"> kontakt@tedme.com<\/a><\/p>\r\n<\/div>\r\n<\/div>\r\n<\/div>\r\n<\/div>\r\n<\/div>\r\n<\/div>\r\n<\/div>\r\n<\/div>\r\n<\/div>\r\n<\/div>\r\n<\/div>\r\n<\/div>\r\n<\/div>\r\n<\/div>","protected":false},"excerpt":{"rendered":"<p>\u00a0 \u00a0 Wie k\u00f6nnen wir Ihnen helfen? \u00a0 \u00a0 Schreiben Sie uns eine Nachricht \u00a0 \u00a0 \u00a0 Adresseaisys media GmbHLudwigstrasse 8a97070 W\u00fcrzburg &nbsp; Tim KorosGesch\u00e4ftsf\u00fchrer +49 (0)931 &#8211; 404 118 &#8211; 11 kontakt@tedme.com<\/p>","protected":false},"author":1,"featured_media":0,"parent":0,"menu_order":0,"comment_status":"closed","ping_status":"closed","template":"","meta":{"footnotes":""},"class_list":["post-673","page","type-page","status-publish","hentry"],"yoast_head":"<!-- This site is optimized with the Yoast SEO Premium plugin v27.3 (Yoast SEO v27.3) - https:\/\/yoast.com\/product\/yoast-seo-premium-wordpress\/ -->\n<title>Kontakt - TEDME<\/title>\n<meta name=\"description\" content=\"Kontaktieren Sie uns f\u00fcr weitere Informationen \u00fcber aisys media GmbH in W\u00fcrzburg. Wir freuen uns auf Ihre Anfrage.\" \/>\n<meta name=\"robots\" content=\"index, follow, max-snippet:-1, max-image-preview:large, max-video-preview:-1\" \/>\n<link rel=\"canonical\" href=\"https:\/\/tedme.com\/en\/contact\/\" \/>\n<meta property=\"og:locale\" content=\"en_GB\" \/>\n<meta property=\"og:type\" content=\"article\" \/>\n<meta property=\"og:title\" content=\"Kontakt\" \/>\n<meta property=\"og:description\" content=\"Kontaktieren Sie uns f\u00fcr weitere Informationen \u00fcber aisys media GmbH in W\u00fcrzburg. Wir freuen uns auf Ihre Anfrage.\" \/>\n<meta property=\"og:url\" content=\"https:\/\/tedme.com\/en\/contact\/\" \/>\n<meta property=\"og:site_name\" content=\"TEDME\" \/>\n<meta property=\"article:modified_time\" content=\"2026-03-12T12:25:42+00:00\" \/>\n<meta name=\"twitter:card\" content=\"summary_large_image\" \/>\n<script type=\"application\/ld+json\" class=\"yoast-schema-graph\">{\"@context\":\"https:\\\/\\\/schema.org\",\"@graph\":[{\"@type\":\"WebPage\",\"@id\":\"https:\\\/\\\/tedme.com\\\/contact\\\/\",\"url\":\"https:\\\/\\\/tedme.com\\\/contact\\\/\",\"name\":\"Kontakt - TEDME\",\"isPartOf\":{\"@id\":\"https:\\\/\\\/tedme.com\\\/#website\"},\"datePublished\":\"2021-07-29T13:49:01+00:00\",\"dateModified\":\"2026-03-12T12:25:42+00:00\",\"description\":\"Kontaktieren Sie uns f\u00fcr weitere Informationen \u00fcber aisys media GmbH in W\u00fcrzburg. Wir freuen uns auf Ihre Anfrage.\",\"breadcrumb\":{\"@id\":\"https:\\\/\\\/tedme.com\\\/contact\\\/#breadcrumb\"},\"inLanguage\":\"en-GB\",\"potentialAction\":[{\"@type\":\"ReadAction\",\"target\":[\"https:\\\/\\\/tedme.com\\\/contact\\\/\"]}]},{\"@type\":\"BreadcrumbList\",\"@id\":\"https:\\\/\\\/tedme.com\\\/contact\\\/#breadcrumb\",\"itemListElement\":[{\"@type\":\"ListItem\",\"position\":1,\"name\":\"Home\",\"item\":\"https:\\\/\\\/tedme.com\\\/\"},{\"@type\":\"ListItem\",\"position\":2,\"name\":\"Kontakt\"}]},{\"@type\":\"WebSite\",\"@id\":\"https:\\\/\\\/tedme.com\\\/#website\",\"url\":\"https:\\\/\\\/tedme.com\\\/\",\"name\":\"TEDME\",\"description\":\"easy audience interaction &amp; polling\",\"publisher\":{\"@id\":\"https:\\\/\\\/tedme.com\\\/#organization\"},\"potentialAction\":[{\"@type\":\"SearchAction\",\"target\":{\"@type\":\"EntryPoint\",\"urlTemplate\":\"https:\\\/\\\/tedme.com\\\/?s={search_term_string}\"},\"query-input\":{\"@type\":\"PropertyValueSpecification\",\"valueRequired\":true,\"valueName\":\"search_term_string\"}}],\"inLanguage\":\"en-GB\"},{\"@type\":\"Organization\",\"@id\":\"https:\\\/\\\/tedme.com\\\/#organization\",\"name\":\"TEDME\",\"url\":\"https:\\\/\\\/tedme.com\\\/\",\"logo\":{\"@type\":\"ImageObject\",\"inLanguage\":\"en-GB\",\"@id\":\"https:\\\/\\\/tedme.com\\\/#\\\/schema\\\/logo\\\/image\\\/\",\"url\":\"https:\\\/\\\/tedme.com\\\/wp-content\\\/uploads\\\/2021\\\/07\\\/tdy-logo.png\",\"contentUrl\":\"https:\\\/\\\/tedme.com\\\/wp-content\\\/uploads\\\/2021\\\/07\\\/tdy-logo.png\",\"width\":200,\"height\":106,\"caption\":\"TEDME\"},\"image\":{\"@id\":\"https:\\\/\\\/tedme.com\\\/#\\\/schema\\\/logo\\\/image\\\/\"}}]}<\/script>\n<!-- \/ Yoast SEO Premium plugin. -->","yoast_head_json":{"title":"Contact - TEDME","description":"Kontaktieren Sie uns f\u00fcr weitere Informationen \u00fcber aisys media GmbH in W\u00fcrzburg. Wir freuen uns auf Ihre Anfrage.","robots":{"index":"index","follow":"follow","max-snippet":"max-snippet:-1","max-image-preview":"max-image-preview:large","max-video-preview":"max-video-preview:-1"},"canonical":"https:\/\/tedme.com\/en\/contact\/","og_locale":"en_GB","og_type":"article","og_title":"Kontakt","og_description":"Kontaktieren Sie uns f\u00fcr weitere Informationen \u00fcber aisys media GmbH in W\u00fcrzburg. Wir freuen uns auf Ihre Anfrage.","og_url":"https:\/\/tedme.com\/en\/contact\/","og_site_name":"TEDME","article_modified_time":"2026-03-12T12:25:42+00:00","twitter_card":"summary_large_image","schema":{"@context":"https:\/\/schema.org","@graph":[{"@type":"WebPage","@id":"https:\/\/tedme.com\/contact\/","url":"https:\/\/tedme.com\/contact\/","name":"Contact - TEDME","isPartOf":{"@id":"https:\/\/tedme.com\/#website"},"datePublished":"2021-07-29T13:49:01+00:00","dateModified":"2026-03-12T12:25:42+00:00","description":"Kontaktieren Sie uns f\u00fcr weitere Informationen \u00fcber aisys media GmbH in W\u00fcrzburg. Wir freuen uns auf Ihre Anfrage.","breadcrumb":{"@id":"https:\/\/tedme.com\/contact\/#breadcrumb"},"inLanguage":"en-GB","potentialAction":[{"@type":"ReadAction","target":["https:\/\/tedme.com\/contact\/"]}]},{"@type":"BreadcrumbList","@id":"https:\/\/tedme.com\/contact\/#breadcrumb","itemListElement":[{"@type":"ListItem","position":1,"name":"Home","item":"https:\/\/tedme.com\/"},{"@type":"ListItem","position":2,"name":"Kontakt"}]},{"@type":"WebSite","@id":"https:\/\/tedme.com\/#website","url":"https:\/\/tedme.com\/","name":"TEDME","description":"easy audience interaction &amp; polling","publisher":{"@id":"https:\/\/tedme.com\/#organization"},"potentialAction":[{"@type":"SearchAction","target":{"@type":"EntryPoint","urlTemplate":"https:\/\/tedme.com\/?s={search_term_string}"},"query-input":{"@type":"PropertyValueSpecification","valueRequired":true,"valueName":"search_term_string"}}],"inLanguage":"en-GB"},{"@type":"Organization","@id":"https:\/\/tedme.com\/#organization","name":"TEDME","url":"https:\/\/tedme.com\/","logo":{"@type":"ImageObject","inLanguage":"en-GB","@id":"https:\/\/tedme.com\/#\/schema\/logo\/image\/","url":"https:\/\/tedme.com\/wp-content\/uploads\/2021\/07\/tdy-logo.png","contentUrl":"https:\/\/tedme.com\/wp-content\/uploads\/2021\/07\/tdy-logo.png","width":200,"height":106,"caption":"TEDME"},"image":{"@id":"https:\/\/tedme.com\/#\/schema\/logo\/image\/"}}]}},"_links":{"self":[{"href":"https:\/\/tedme.com\/en\/wp-json\/wp\/v2\/pages\/673","targetHints":{"allow":["GET"]}}],"collection":[{"href":"https:\/\/tedme.com\/en\/wp-json\/wp\/v2\/pages"}],"about":[{"href":"https:\/\/tedme.com\/en\/wp-json\/wp\/v2\/types\/page"}],"author":[{"embeddable":true,"href":"https:\/\/tedme.com\/en\/wp-json\/wp\/v2\/users\/1"}],"replies":[{"embeddable":true,"href":"https:\/\/tedme.com\/en\/wp-json\/wp\/v2\/comments?post=673"}],"version-history":[{"count":16,"href":"https:\/\/tedme.com\/en\/wp-json\/wp\/v2\/pages\/673\/revisions"}],"predecessor-version":[{"id":4060,"href":"https:\/\/tedme.com\/en\/wp-json\/wp\/v2\/pages\/673\/revisions\/4060"}],"wp:attachment":[{"href":"https:\/\/tedme.com\/en\/wp-json\/wp\/v2\/media?parent=673"}],"curies":[{"name":"wp","href":"https:\/\/api.w.org\/{rel}","templated":true}]}}