{"id":688,"date":"2021-07-29T14:27:01","date_gmt":"2021-07-29T14:27:01","guid":{"rendered":"https:\/\/tedme.com\/?page_id=688"},"modified":"2026-03-12T12:24:42","modified_gmt":"2026-03-12T12:24:42","slug":"impressum","status":"publish","type":"page","link":"https:\/\/tedme.com\/en\/impressum\/","title":{"rendered":""},"content":{"rendered":"<div class=\"vce-row-container\"><div class=\"vce-row vce-element--has-background vce-row--col-gap-30 picture-header vce-row-no-paddings vce-row-equal-height vce-row-content--top\" data-vce-full-width=\"true\" data-vce-stretch-content=\"true\" id=\"el-ff9a5911\" data-vce-do-apply=\"all el-ff9a5911\"><div class=\"vce-content-background-container\"><\/div><div class=\"vce-row-content\" data-vce-element-content=\"true\"><div class=\"vce-col vce-col--md-auto vce-col--xs-1 vce-col--xs-last vce-col--xs-first vce-col--sm-last vce-col--sm-first vce-col--md-last vce-col--lg-last vce-col--xl-last vce-col--md-first vce-col--lg-first vce-col--xl-first\" id=\"el-28e6ea74\"><div class=\"vce-col-inner\" data-vce-do-apply=\"border margin background  el-28e6ea74\"><div class=\"vce-content-background-container\"><\/div><div class=\"vce-col-content\" data-vce-element-content=\"true\" data-vce-do-apply=\"padding el-28e6ea74\"><div class=\"vce-text-block\"><div class=\"vce-text-block-wrapper vce\" id=\"el-e4b64f46\" data-vce-do-apply=\"all el-e4b64f46\"><h1 style=\"text-align: center;\"><span style=\"color: #ffffff;\">Imprint<\/span><\/h1><\/div><\/div><\/div><\/div><\/div><\/div><\/div><\/div><div class=\"vce-row-container\"><div class=\"vce-row vce-row--col-gap-30 content-section vce-row-equal-height vce-row-content--top\" data-vce-full-width=\"true\" data-vce-stretch-content=\"true\" id=\"el-bc1b558a\" data-vce-do-apply=\"all el-bc1b558a\"><div class=\"vce-content-background-container\"><\/div><div class=\"vce-row-content\" data-vce-element-content=\"true\"><div class=\"vce-col vce-col--md-auto vce-col--xs-1 vce-col--xs-last vce-col--xs-first vce-col--sm-last vce-col--sm-first vce-col--md-last vce-col--lg-last vce-col--xl-last vce-col--md-first vce-col--lg-first vce-col--xl-first\" id=\"el-2069ad67\"><div class=\"vce-col-inner\" data-vce-do-apply=\"border margin background  el-2069ad67\"><div class=\"vce-col-content\" data-vce-element-content=\"true\" data-vce-do-apply=\"padding el-2069ad67\"><div class=\"vce-text-block\"><div class=\"vce-text-block-wrapper vce\" id=\"el-126c0e6d\" data-vce-do-apply=\"all el-126c0e6d\"><p>Diese Webseite wird von aisys media GmbH betrieben<\/p><p><strong>aisys media GmbH<\/strong><br>Ludwigstrasse 8a<br>97070 W\u00fcrzburg<\/p><p>Phone: +49 (0)931 - 404 118 - 0<\/p><p>e-mail: <a href=\"mailto:kontakt@tedme.com\">kontakt@tedme.com<\/a><br>Internet: <a href=\"https:\/\/www.aisys-media.de\">www.aisys-media.de<\/a><\/p><p>Management: Markus Bessler, Tim J. Koros<br>Register court: W\u00fcrzburg Local Court<br>Register number: HRB 10718<br>Sales tax identification number according to \u00a7 27 a<br>Umsatzsteuergesetz: DE271584236<br>Tax number: 257\/121\/40146<\/p><p>-<\/p><p>Technical realisation by aisys media GmbH <a href=\"https:\/\/www.aisys-media.de\">www.aisys-media.de<\/a><\/p><\/div><\/div><\/div><\/div><\/div><\/div><\/div><\/div>","protected":false},"excerpt":{"rendered":"<p>ImpressumDiese Webseite wird von aisys media GmbH betriebenaisys media GmbHLudwigstrasse 8a97070 W\u00fcrzburgTelefon: +49 (0)931 &#8211; 404 118 &#8211; 0E-Mail: kontakt@tedme.comInternet: www.aisys-media.deGesch\u00e4ftsf\u00fchrung: Markus Bessler, Tim J. KorosRegistergericht: Amtsgericht W\u00fcrzburgRegisternummer: HRB 10718Umsatzsteuer-Identifikationsnummer gem\u00e4\u00df \u00a7 27 aUmsatzsteuergesetz: DE271584236Steuernummer: 257\/121\/40146\u2014Technische Umsetzung durch aisys media GmbH www.aisys-media.de<\/p>","protected":false},"author":1,"featured_media":0,"parent":0,"menu_order":0,"comment_status":"closed","ping_status":"closed","template":"","meta":{"footnotes":""},"class_list":["post-688","page","type-page","status-publish","hentry"],"yoast_head":"<!-- This site is optimized with the Yoast SEO Premium plugin v27.3 (Yoast SEO v27.3) - https:\/\/yoast.com\/product\/yoast-seo-premium-wordpress\/ -->\n<title>Impressum - TEDME<\/title>\n<meta name=\"description\" content=\"Erfahren Sie mehr \u00fcber das Impressum von aisys media GmbH und die Kontaktdaten unserer Firma.\" \/>\n<meta name=\"robots\" content=\"index, follow, max-snippet:-1, max-image-preview:large, max-video-preview:-1\" \/>\n<link rel=\"canonical\" href=\"https:\/\/tedme.com\/en\/impressum\/\" \/>\n<meta property=\"og:locale\" content=\"en_GB\" \/>\n<meta property=\"og:type\" content=\"article\" \/>\n<meta property=\"og:title\" content=\"Impressum\" \/>\n<meta property=\"og:description\" content=\"Erfahren Sie mehr \u00fcber das Impressum von aisys media GmbH und die Kontaktdaten unserer Firma.\" \/>\n<meta property=\"og:url\" content=\"https:\/\/tedme.com\/en\/impressum\/\" \/>\n<meta property=\"og:site_name\" content=\"TEDME\" \/>\n<meta property=\"article:modified_time\" content=\"2026-03-12T12:24:42+00:00\" \/>\n<meta name=\"twitter:card\" content=\"summary_large_image\" \/>\n<script type=\"application\/ld+json\" class=\"yoast-schema-graph\">{\"@context\":\"https:\\\/\\\/schema.org\",\"@graph\":[{\"@type\":\"WebPage\",\"@id\":\"https:\\\/\\\/tedme.com\\\/impressum\\\/\",\"url\":\"https:\\\/\\\/tedme.com\\\/impressum\\\/\",\"name\":\"Impressum - TEDME\",\"isPartOf\":{\"@id\":\"https:\\\/\\\/tedme.com\\\/#website\"},\"datePublished\":\"2021-07-29T14:27:01+00:00\",\"dateModified\":\"2026-03-12T12:24:42+00:00\",\"description\":\"Erfahren Sie mehr \u00fcber das Impressum von aisys media GmbH und die Kontaktdaten unserer Firma.\",\"breadcrumb\":{\"@id\":\"https:\\\/\\\/tedme.com\\\/impressum\\\/#breadcrumb\"},\"inLanguage\":\"en-GB\",\"potentialAction\":[{\"@type\":\"ReadAction\",\"target\":[\"https:\\\/\\\/tedme.com\\\/impressum\\\/\"]}]},{\"@type\":\"BreadcrumbList\",\"@id\":\"https:\\\/\\\/tedme.com\\\/impressum\\\/#breadcrumb\",\"itemListElement\":[{\"@type\":\"ListItem\",\"position\":1,\"name\":\"Home\",\"item\":\"https:\\\/\\\/tedme.com\\\/\"},{\"@type\":\"ListItem\",\"position\":2,\"name\":\"Impressum\"}]},{\"@type\":\"WebSite\",\"@id\":\"https:\\\/\\\/tedme.com\\\/#website\",\"url\":\"https:\\\/\\\/tedme.com\\\/\",\"name\":\"TEDME\",\"description\":\"easy audience interaction &amp; polling\",\"publisher\":{\"@id\":\"https:\\\/\\\/tedme.com\\\/#organization\"},\"potentialAction\":[{\"@type\":\"SearchAction\",\"target\":{\"@type\":\"EntryPoint\",\"urlTemplate\":\"https:\\\/\\\/tedme.com\\\/?s={search_term_string}\"},\"query-input\":{\"@type\":\"PropertyValueSpecification\",\"valueRequired\":true,\"valueName\":\"search_term_string\"}}],\"inLanguage\":\"en-GB\"},{\"@type\":\"Organization\",\"@id\":\"https:\\\/\\\/tedme.com\\\/#organization\",\"name\":\"TEDME\",\"url\":\"https:\\\/\\\/tedme.com\\\/\",\"logo\":{\"@type\":\"ImageObject\",\"inLanguage\":\"en-GB\",\"@id\":\"https:\\\/\\\/tedme.com\\\/#\\\/schema\\\/logo\\\/image\\\/\",\"url\":\"https:\\\/\\\/tedme.com\\\/wp-content\\\/uploads\\\/2021\\\/07\\\/tdy-logo.png\",\"contentUrl\":\"https:\\\/\\\/tedme.com\\\/wp-content\\\/uploads\\\/2021\\\/07\\\/tdy-logo.png\",\"width\":200,\"height\":106,\"caption\":\"TEDME\"},\"image\":{\"@id\":\"https:\\\/\\\/tedme.com\\\/#\\\/schema\\\/logo\\\/image\\\/\"}}]}<\/script>\n<!-- \/ Yoast SEO Premium plugin. -->","yoast_head_json":{"title":"Imprint - TEDME","description":"Erfahren Sie mehr \u00fcber das Impressum von aisys media GmbH und die Kontaktdaten unserer Firma.","robots":{"index":"index","follow":"follow","max-snippet":"max-snippet:-1","max-image-preview":"max-image-preview:large","max-video-preview":"max-video-preview:-1"},"canonical":"https:\/\/tedme.com\/en\/impressum\/","og_locale":"en_GB","og_type":"article","og_title":"Impressum","og_description":"Erfahren Sie mehr \u00fcber das Impressum von aisys media GmbH und die Kontaktdaten unserer Firma.","og_url":"https:\/\/tedme.com\/en\/impressum\/","og_site_name":"TEDME","article_modified_time":"2026-03-12T12:24:42+00:00","twitter_card":"summary_large_image","schema":{"@context":"https:\/\/schema.org","@graph":[{"@type":"WebPage","@id":"https:\/\/tedme.com\/impressum\/","url":"https:\/\/tedme.com\/impressum\/","name":"Imprint - TEDME","isPartOf":{"@id":"https:\/\/tedme.com\/#website"},"datePublished":"2021-07-29T14:27:01+00:00","dateModified":"2026-03-12T12:24:42+00:00","description":"Erfahren Sie mehr \u00fcber das Impressum von aisys media GmbH und die Kontaktdaten unserer Firma.","breadcrumb":{"@id":"https:\/\/tedme.com\/impressum\/#breadcrumb"},"inLanguage":"en-GB","potentialAction":[{"@type":"ReadAction","target":["https:\/\/tedme.com\/impressum\/"]}]},{"@type":"BreadcrumbList","@id":"https:\/\/tedme.com\/impressum\/#breadcrumb","itemListElement":[{"@type":"ListItem","position":1,"name":"Home","item":"https:\/\/tedme.com\/"},{"@type":"ListItem","position":2,"name":"Impressum"}]},{"@type":"WebSite","@id":"https:\/\/tedme.com\/#website","url":"https:\/\/tedme.com\/","name":"TEDME","description":"easy audience interaction &amp; polling","publisher":{"@id":"https:\/\/tedme.com\/#organization"},"potentialAction":[{"@type":"SearchAction","target":{"@type":"EntryPoint","urlTemplate":"https:\/\/tedme.com\/?s={search_term_string}"},"query-input":{"@type":"PropertyValueSpecification","valueRequired":true,"valueName":"search_term_string"}}],"inLanguage":"en-GB"},{"@type":"Organization","@id":"https:\/\/tedme.com\/#organization","name":"TEDME","url":"https:\/\/tedme.com\/","logo":{"@type":"ImageObject","inLanguage":"en-GB","@id":"https:\/\/tedme.com\/#\/schema\/logo\/image\/","url":"https:\/\/tedme.com\/wp-content\/uploads\/2021\/07\/tdy-logo.png","contentUrl":"https:\/\/tedme.com\/wp-content\/uploads\/2021\/07\/tdy-logo.png","width":200,"height":106,"caption":"TEDME"},"image":{"@id":"https:\/\/tedme.com\/#\/schema\/logo\/image\/"}}]}},"_links":{"self":[{"href":"https:\/\/tedme.com\/en\/wp-json\/wp\/v2\/pages\/688","targetHints":{"allow":["GET"]}}],"collection":[{"href":"https:\/\/tedme.com\/en\/wp-json\/wp\/v2\/pages"}],"about":[{"href":"https:\/\/tedme.com\/en\/wp-json\/wp\/v2\/types\/page"}],"author":[{"embeddable":true,"href":"https:\/\/tedme.com\/en\/wp-json\/wp\/v2\/users\/1"}],"replies":[{"embeddable":true,"href":"https:\/\/tedme.com\/en\/wp-json\/wp\/v2\/comments?post=688"}],"version-history":[{"count":4,"href":"https:\/\/tedme.com\/en\/wp-json\/wp\/v2\/pages\/688\/revisions"}],"predecessor-version":[{"id":3951,"href":"https:\/\/tedme.com\/en\/wp-json\/wp\/v2\/pages\/688\/revisions\/3951"}],"wp:attachment":[{"href":"https:\/\/tedme.com\/en\/wp-json\/wp\/v2\/media?parent=688"}],"curies":[{"name":"wp","href":"https:\/\/api.w.org\/{rel}","templated":true}]}}